{"id":3772,"date":"2026-04-23T08:57:58","date_gmt":"2026-04-23T08:57:58","guid":{"rendered":"https:\/\/bigbangocean.bloomspain.com\/?page_id=3772"},"modified":"2026-04-24T11:20:51","modified_gmt":"2026-04-24T11:20:51","slug":"conciertos-en-directo-en-granada-almunecar","status":"publish","type":"page","link":"https:\/\/bigbangoceanclub.com\/en\/conciertos-en-directo-en-granada-almunecar\/","title":{"rendered":"Live Music in Granada, Almu\u00f1\u00e9car"},"content":{"rendered":"\t\t<div data-elementor-type=\"wp-page\" data-elementor-id=\"3772\" class=\"elementor elementor-3772\" data-elementor-post-type=\"page\">\n\t\t\t\t<div class=\"elementor-element elementor-element-18e9089d e-flex e-con-boxed e-con e-parent\" data-id=\"18e9089d\" data-element_type=\"container\" data-e-type=\"container\" data-settings=\"{&quot;background_background&quot;:&quot;classic&quot;}\">\n\t\t\t\t\t<div class=\"e-con-inner\">\n\t\t<div class=\"elementor-element elementor-element-4a419d7c e-con-full e-flex e-con e-child\" data-id=\"4a419d7c\" data-element_type=\"container\" data-e-type=\"container\" data-settings=\"{&quot;background_background&quot;:&quot;classic&quot;}\">\n\t\t\t\t<div class=\"elementor-element elementor-element-4bacc6c0 animated-slow elementor-invisible elementor-widget elementor-widget-heading\" data-id=\"4bacc6c0\" data-element_type=\"widget\" data-e-type=\"widget\" data-settings=\"{&quot;_animation&quot;:&quot;fadeIn&quot;}\" data-widget_type=\"heading.default\">\n\t\t\t\t\t<h1 class=\"elementor-heading-title elementor-size-default\">CONCIERTOS EN DIRECTO EN GRANADA, ALMU\u00d1\u00c9CAR<\/h1>\t\t\t\t<\/div>\n\t\t\t\t<div class=\"elementor-element elementor-element-2435f175 animated-slow elementor-invisible elementor-widget elementor-widget-heading\" data-id=\"2435f175\" data-element_type=\"widget\" data-e-type=\"widget\" data-settings=\"{&quot;_animation&quot;:&quot;fadeIn&quot;}\" data-widget_type=\"heading.default\">\n\t\t\t\t\t<h2 class=\"elementor-heading-title elementor-size-default\">M\u00daSICA EN DIRECTO \u00b7 EVENTOS ESPECIALES \u00b7 AMBIENTE FRENTE AL MAR \u00b7 VIDA NOCTURNA<\/h2>\t\t\t\t<\/div>\n\t\t\t\t<div class=\"elementor-element elementor-element-26955eb2 animated-slow elementor-invisible elementor-widget elementor-widget-text-editor\" data-id=\"26955eb2\" data-element_type=\"widget\" data-e-type=\"widget\" data-settings=\"{&quot;_animation&quot;:&quot;fadeIn&quot;,&quot;_animation_delay&quot;:200}\" data-widget_type=\"text-editor.default\">\n\t\t\t\t\t\t\t\t\t<p data-start=\"187\" data-end=\"386\">\u00bfBuscas conciertos en directo cerca de Granada? Big Bang Ocean Club, en Almu\u00f1\u00e9car, organiza eventos con m\u00fasica en directo en un entorno \u00fanico frente al mar, combinando gran ambiente, copas y vida nocturna en la Costa Tropical.<\/p>\t\t\t\t\t\t\t\t<\/div>\n\t\t\t\t<div class=\"elementor-element elementor-element-1eca0698 elementor-align-center elementor-invisible elementor-widget elementor-widget-button\" data-id=\"1eca0698\" data-element_type=\"widget\" data-e-type=\"widget\" data-settings=\"{&quot;_animation&quot;:&quot;zoomIn&quot;}\" data-widget_type=\"button.default\">\n\t\t\t\t\t\t\t\t\t\t<a class=\"elementor-button elementor-button-link elementor-size-sm\" href=\"https:\/\/wa.me\/34699774237?text=Hola%20Big%20Bang%20Ocean%20Club!\" target=\"_blank\" rel=\"noopener\">\n\t\t\t\t\t\t<span class=\"elementor-button-content-wrapper\">\n\t\t\t\t\t\t\t\t\t<span class=\"elementor-button-text\">RESERVAR AHORA<\/span>\n\t\t\t\t\t<\/span>\n\t\t\t\t\t<\/a>\n\t\t\t\t\t\t\t\t<\/div>\n\t\t\t\t<\/div>\n\t\t\t\t\t<\/div>\n\t\t\t\t<\/div>\n\t\t<div class=\"elementor-element elementor-element-1a0942ac e-flex e-con-boxed e-con e-parent\" data-id=\"1a0942ac\" data-element_type=\"container\" data-e-type=\"container\">\n\t\t\t\t\t<div class=\"e-con-inner\">\n\t\t\t\t<div class=\"elementor-element elementor-element-21bd9e41 elementor-widget elementor-widget-spacer\" data-id=\"21bd9e41\" data-element_type=\"widget\" data-e-type=\"widget\" data-widget_type=\"spacer.default\">\n\t\t\t\t\t\t\t<div class=\"elementor-spacer\">\n\t\t\t<div class=\"elementor-spacer-inner\"><\/div>\n\t\t<\/div>\n\t\t\t\t\t\t<\/div>\n\t\t\t\t<div class=\"elementor-element elementor-element-2fd66a73 animated-slow elementor-invisible elementor-widget elementor-widget-heading\" data-id=\"2fd66a73\" data-element_type=\"widget\" data-e-type=\"widget\" data-settings=\"{&quot;_animation&quot;:&quot;fadeIn&quot;}\" data-widget_type=\"heading.default\">\n\t\t\t\t\t<h2 class=\"elementor-heading-title elementor-size-default\">QU\u00c9 PUEDES ESPERAR DE NUESTROS CONCIERTOS EN DIRECTO<\/h2>\t\t\t\t<\/div>\n\t\t\t\t\t<\/div>\n\t\t\t\t<\/div>\n\t\t<div class=\"elementor-element elementor-element-d0b3a42 e-flex e-con-boxed e-con e-parent\" data-id=\"d0b3a42\" data-element_type=\"container\" data-e-type=\"container\">\n\t\t\t\t\t<div class=\"e-con-inner\">\n\t\t<div class=\"elementor-element elementor-element-7b846ba e-grid e-con-full e-con e-child\" data-id=\"7b846ba\" data-element_type=\"container\" data-e-type=\"container\">\n\t\t\t\t<div class=\"elementor-element elementor-element-6c6880d animated-slow elementor-invisible elementor-widget elementor-widget-text-editor\" data-id=\"6c6880d\" data-element_type=\"widget\" data-e-type=\"widget\" data-settings=\"{&quot;_animation&quot;:&quot;fadeInLeft&quot;,&quot;_animation_delay&quot;:200}\" data-widget_type=\"text-editor.default\">\n\t\t\t\t\t\t\t\t\t<p>M\u00fasica en directo y actuaciones especiales junto al mar<\/p>\t\t\t\t\t\t\t\t<\/div>\n\t\t\t\t<div class=\"elementor-element elementor-element-1233e2e5 animated-slow elementor-invisible elementor-widget elementor-widget-text-editor\" data-id=\"1233e2e5\" data-element_type=\"widget\" data-e-type=\"widget\" data-settings=\"{&quot;_animation&quot;:&quot;fadeInLeft&quot;,&quot;_animation_delay&quot;:400}\" data-widget_type=\"text-editor.default\">\n\t\t\t\t\t\t\t\t\t<p>Un ambiente animado con copas y vida nocturna<\/p>\t\t\t\t\t\t\t\t<\/div>\n\t\t\t\t<div class=\"elementor-element elementor-element-43d10763 animated-slow elementor-invisible elementor-widget elementor-widget-text-editor\" data-id=\"43d10763\" data-element_type=\"widget\" data-e-type=\"widget\" data-settings=\"{&quot;_animation&quot;:&quot;fadeInLeft&quot;,&quot;_animation_delay&quot;:600}\" data-widget_type=\"text-editor.default\">\n\t\t\t\t\t\t\t\t\t<div class=\"relative w-full mt-4 mb-1\"><div class=\"\"><div class=\"relative\"><div class=\"h-full min-h-0 min-w-0\"><div class=\"h-full min-h-0 min-w-0\"><div class=\"border border-token-border-light border-radius-3xl corner-superellipse\/1.1 rounded-3xl\"><div class=\"h-full w-full border-radius-3xl bg-token-bg-elevated-secondary corner-superellipse\/1.1 overflow-clip rounded-3xl lxnfua_clipPathFallback\"><div class=\"relative\"><div class=\"pe-11 pt-3\"><div class=\"relative z-0 flex max-w-full\"><div id=\"code-block-viewer\" class=\"q9tKkq_viewer cm-editor z-10 light:cm-light dark:cm-light flex h-full w-full flex-col items-stretch \u037cd \u037cr\" dir=\"ltr\"><div class=\"cm-scroller\"><div class=\"cm-content q9tKkq_readonly\">Un espacio \u00fanico frente al mar en Almu\u00f1\u00e9car<\/div><\/div><\/div><\/div><\/div><\/div><\/div><\/div><\/div><\/div><\/div><\/div><\/div>\t\t\t\t\t\t\t\t<\/div>\n\t\t\t\t<\/div>\n\t\t\t\t\t<\/div>\n\t\t\t\t<\/div>\n\t\t<div class=\"elementor-element elementor-element-5cab7943 e-flex e-con-boxed e-con e-parent\" data-id=\"5cab7943\" data-element_type=\"container\" data-e-type=\"container\">\n\t\t\t\t\t<div class=\"e-con-inner\">\n\t\t\t\t<div class=\"elementor-element elementor-element-4d5986cc elementor-pagination-type-bullets elementor-pagination-position-outside elementor-widget elementor-widget-n-carousel\" data-id=\"4d5986cc\" data-element_type=\"widget\" data-e-type=\"widget\" data-settings=\"{&quot;carousel_items&quot;:[{&quot;slide_title&quot;:&quot;Slide #1&quot;,&quot;_id&quot;:&quot;289e4b0&quot;},{&quot;slide_title&quot;:&quot;Slide #2&quot;,&quot;_id&quot;:&quot;8a55454&quot;},{&quot;slide_title&quot;:&quot;Slide #3&quot;,&quot;_id&quot;:&quot;42871c5&quot;}],&quot;slides_to_show_tablet&quot;:&quot;2&quot;,&quot;slides_to_show_mobile&quot;:&quot;1&quot;,&quot;autoplay&quot;:&quot;yes&quot;,&quot;autoplay_speed&quot;:5000,&quot;pause_on_hover&quot;:&quot;yes&quot;,&quot;pause_on_interaction&quot;:&quot;yes&quot;,&quot;infinite&quot;:&quot;yes&quot;,&quot;speed&quot;:500,&quot;offset_sides&quot;:&quot;none&quot;,&quot;pagination&quot;:&quot;bullets&quot;,&quot;image_spacing_custom&quot;:{&quot;unit&quot;:&quot;px&quot;,&quot;size&quot;:10,&quot;sizes&quot;:[]},&quot;image_spacing_custom_tablet&quot;:{&quot;unit&quot;:&quot;px&quot;,&quot;size&quot;:&quot;&quot;,&quot;sizes&quot;:[]},&quot;image_spacing_custom_mobile&quot;:{&quot;unit&quot;:&quot;px&quot;,&quot;size&quot;:&quot;&quot;,&quot;sizes&quot;:[]}}\" data-widget_type=\"nested-carousel.default\">\n\t\t\t\t\t\t\t<div class=\"e-n-carousel swiper\" role=\"region\" aria-roledescription=\"carousel\" aria-label=\"Carousel\" dir=\"ltr\">\n\t\t\t<div class=\"swiper-wrapper\" aria-live=\"off\">\n\t\t\t\t\t\t\t\t\t\t<div class=\"swiper-slide\" data-slide=\"1\" role=\"group\" aria-roledescription=\"slide\" aria-label=\"1 of 3\">\n\t\t\t\t\t\t\t<div class=\"elementor-element elementor-element-2e452b77 e-flex e-con-boxed e-con e-child\" data-id=\"2e452b77\" data-element_type=\"container\" data-e-type=\"container\">\n\t\t\t\t\t<div class=\"e-con-inner\">\n\t\t\t\t<div class=\"elementor-element elementor-element-5de90614 elementor-widget elementor-widget-image\" data-id=\"5de90614\" data-element_type=\"widget\" data-e-type=\"widget\" data-widget_type=\"image.default\">\n\t\t\t\t\t\t\t\t\t\t\t\t\t\t\t<img fetchpriority=\"high\" decoding=\"async\" width=\"1200\" height=\"1799\" src=\"https:\/\/bigbangoceanclub.com\/wp-content\/uploads\/2026\/04\/257A8724.jpg\" class=\"attachment-full size-full wp-image-3192\" alt=\"LIVE CONCERTS A unique beachfront venue in Almu\u00f1\u00e9car\" srcset=\"https:\/\/bigbangoceanclub.com\/wp-content\/uploads\/2026\/04\/257A8724.jpg 1200w, https:\/\/bigbangoceanclub.com\/wp-content\/uploads\/2026\/04\/257A8724-200x300.jpg 200w, https:\/\/bigbangoceanclub.com\/wp-content\/uploads\/2026\/04\/257A8724-683x1024.jpg 683w, https:\/\/bigbangoceanclub.com\/wp-content\/uploads\/2026\/04\/257A8724-768x1151.jpg 768w, https:\/\/bigbangoceanclub.com\/wp-content\/uploads\/2026\/04\/257A8724-1025x1536.jpg 1025w, https:\/\/bigbangoceanclub.com\/wp-content\/uploads\/2026\/04\/257A8724-8x12.jpg 8w\" sizes=\"(max-width: 1200px) 100vw, 1200px\" \/>\t\t\t\t\t\t\t\t\t\t\t\t\t\t\t<\/div>\n\t\t\t\t\t<\/div>\n\t\t\t\t<\/div>\n\t\t\t\t\t\t\t\t<\/div>\n\t\t\t\t\t\t\t\t\t\t\t<div class=\"swiper-slide\" data-slide=\"2\" role=\"group\" aria-roledescription=\"slide\" aria-label=\"2 of 3\">\n\t\t\t\t\t\t\t<div class=\"elementor-element elementor-element-1df38291 e-flex e-con-boxed e-con e-child\" data-id=\"1df38291\" data-element_type=\"container\" data-e-type=\"container\">\n\t\t\t\t\t<div class=\"e-con-inner\">\n\t\t\t\t<div class=\"elementor-element elementor-element-4212c37c elementor-widget elementor-widget-image\" data-id=\"4212c37c\" data-element_type=\"widget\" data-e-type=\"widget\" data-widget_type=\"image.default\">\n\t\t\t\t\t\t\t\t\t\t\t\t\t\t\t<img decoding=\"async\" width=\"1200\" height=\"1799\" data-src=\"https:\/\/bigbangoceanclub.com\/wp-content\/uploads\/2026\/04\/257A0509.jpg\" class=\"attachment-full size-full wp-image-3182 lazyload\" alt=\"mujer disfrutando de terraza en beach club en Almu\u00f1\u00e9car Granada Big Bang Ocean Club con ambiente de tardeo\" data-srcset=\"https:\/\/bigbangoceanclub.com\/wp-content\/uploads\/2026\/04\/257A0509.jpg 1200w, https:\/\/bigbangoceanclub.com\/wp-content\/uploads\/2026\/04\/257A0509-200x300.jpg 200w, https:\/\/bigbangoceanclub.com\/wp-content\/uploads\/2026\/04\/257A0509-683x1024.jpg 683w, https:\/\/bigbangoceanclub.com\/wp-content\/uploads\/2026\/04\/257A0509-768x1151.jpg 768w, https:\/\/bigbangoceanclub.com\/wp-content\/uploads\/2026\/04\/257A0509-1025x1536.jpg 1025w, https:\/\/bigbangoceanclub.com\/wp-content\/uploads\/2026\/04\/257A0509-8x12.jpg 8w\" data-sizes=\"(max-width: 1200px) 100vw, 1200px\" src=\"data:image\/svg+xml;base64,PHN2ZyB3aWR0aD0iMSIgaGVpZ2h0PSIxIiB4bWxucz0iaHR0cDovL3d3dy53My5vcmcvMjAwMC9zdmciPjwvc3ZnPg==\" style=\"--smush-placeholder-width: 1200px; --smush-placeholder-aspect-ratio: 1200\/1799;\" \/>\t\t\t\t\t\t\t\t\t\t\t\t\t\t\t<\/div>\n\t\t\t\t\t<\/div>\n\t\t\t\t<\/div>\n\t\t\t\t\t\t\t\t<\/div>\n\t\t\t\t\t\t\t\t\t\t\t<div class=\"swiper-slide\" data-slide=\"3\" role=\"group\" aria-roledescription=\"slide\" aria-label=\"3 of 3\">\n\t\t\t\t\t\t\t<div class=\"elementor-element elementor-element-69fa8d34 e-flex e-con-boxed e-con e-child\" data-id=\"69fa8d34\" data-element_type=\"container\" data-e-type=\"container\">\n\t\t\t\t\t<div class=\"e-con-inner\">\n\t\t\t\t<div class=\"elementor-element elementor-element-2bfb4953 elementor-widget elementor-widget-image\" data-id=\"2bfb4953\" data-element_type=\"widget\" data-e-type=\"widget\" data-widget_type=\"image.default\">\n\t\t\t\t\t\t\t\t\t\t\t\t\t\t\t<img decoding=\"async\" width=\"1200\" height=\"1799\" data-src=\"https:\/\/bigbangoceanclub.com\/wp-content\/uploads\/2026\/04\/257A8092.jpg\" class=\"attachment-full size-full wp-image-2947 lazyload\" alt=\"Jose Carlos Montoya en directo en discoteca en Almu\u00f1\u00e9car Granada Big Bang Ocean Club con ambiente de fiesta\" data-srcset=\"https:\/\/bigbangoceanclub.com\/wp-content\/uploads\/2026\/04\/257A8092.jpg 1200w, https:\/\/bigbangoceanclub.com\/wp-content\/uploads\/2026\/04\/257A8092-200x300.jpg 200w, https:\/\/bigbangoceanclub.com\/wp-content\/uploads\/2026\/04\/257A8092-683x1024.jpg 683w, https:\/\/bigbangoceanclub.com\/wp-content\/uploads\/2026\/04\/257A8092-768x1151.jpg 768w, https:\/\/bigbangoceanclub.com\/wp-content\/uploads\/2026\/04\/257A8092-1025x1536.jpg 1025w, https:\/\/bigbangoceanclub.com\/wp-content\/uploads\/2026\/04\/257A8092-8x12.jpg 8w\" data-sizes=\"(max-width: 1200px) 100vw, 1200px\" src=\"data:image\/svg+xml;base64,PHN2ZyB3aWR0aD0iMSIgaGVpZ2h0PSIxIiB4bWxucz0iaHR0cDovL3d3dy53My5vcmcvMjAwMC9zdmciPjwvc3ZnPg==\" style=\"--smush-placeholder-width: 1200px; --smush-placeholder-aspect-ratio: 1200\/1799;\" \/>\t\t\t\t\t\t\t\t\t\t\t\t\t\t\t<\/div>\n\t\t\t\t\t<\/div>\n\t\t\t\t<\/div>\n\t\t\t\t\t\t\t\t<\/div>\n\t\t\t\t\t\t\t\t<\/div>\n\t\t<\/div>\n\t\t\t\t\t<div class=\"swiper-pagination\"><\/div>\n\t\t\t\t\t\t<\/div>\n\t\t\t\t\t<\/div>\n\t\t\t\t<\/div>\n\t\t<div class=\"elementor-element elementor-element-54269193 e-flex e-con-boxed e-con e-parent\" data-id=\"54269193\" data-element_type=\"container\" data-e-type=\"container\" data-settings=\"{&quot;background_background&quot;:&quot;gradient&quot;}\">\n\t\t\t\t\t<div class=\"e-con-inner\">\n\t\t\t\t<div class=\"elementor-element elementor-element-23ec1935 elementor-widget elementor-widget-spacer\" data-id=\"23ec1935\" data-element_type=\"widget\" data-e-type=\"widget\" data-widget_type=\"spacer.default\">\n\t\t\t\t\t\t\t<div class=\"elementor-spacer\">\n\t\t\t<div class=\"elementor-spacer-inner\"><\/div>\n\t\t<\/div>\n\t\t\t\t\t\t<\/div>\n\t\t<div class=\"elementor-element elementor-element-5064afa2 e-con-full e-flex e-con e-child\" data-id=\"5064afa2\" data-element_type=\"container\" data-e-type=\"container\" data-settings=\"{&quot;background_background&quot;:&quot;classic&quot;}\">\n\t\t\t\t<div class=\"elementor-element elementor-element-7e8fca82 animated-slow elementor-invisible elementor-widget elementor-widget-heading\" data-id=\"7e8fca82\" data-element_type=\"widget\" data-e-type=\"widget\" data-settings=\"{&quot;_animation&quot;:&quot;fadeIn&quot;}\" data-widget_type=\"heading.default\">\n\t\t\t\t\t<h2 class=\"elementor-heading-title elementor-size-default\">POR QU\u00c9 BIG BANG PARA CONCIERTOS EN DIRECTO<\/h2>\t\t\t\t<\/div>\n\t\t\t\t<div class=\"elementor-element elementor-element-56efc0a1 elementor-widget elementor-widget-text-editor\" data-id=\"56efc0a1\" data-element_type=\"widget\" data-e-type=\"widget\" data-widget_type=\"text-editor.default\">\n\t\t\t\t\t\t\t\t\t<p data-start=\"699\" data-end=\"947\">Big Bang Ocean Club combina m\u00fasica en directo, vistas al mar y un ambiente social lleno de energ\u00eda en Almu\u00f1\u00e9car. Es el lugar perfecto en la Costa Tropical de Granada para quienes quieren disfrutar de conciertos, actuaciones especiales y noches inolvidables frente al mar.<\/p>\t\t\t\t\t\t\t\t<\/div>\n\t\t\t\t<div class=\"elementor-element elementor-element-5be9226b elementor-widget elementor-widget-spacer\" data-id=\"5be9226b\" data-element_type=\"widget\" data-e-type=\"widget\" data-widget_type=\"spacer.default\">\n\t\t\t\t\t\t\t<div class=\"elementor-spacer\">\n\t\t\t<div class=\"elementor-spacer-inner\"><\/div>\n\t\t<\/div>\n\t\t\t\t\t\t<\/div>\n\t\t\t\t<\/div>\n\t\t\t\t\t<\/div>\n\t\t\t\t<\/div>\n\t\t<div class=\"elementor-element elementor-element-33593873 e-flex e-con-boxed e-con e-parent\" data-id=\"33593873\" data-element_type=\"container\" data-e-type=\"container\">\n\t\t\t\t\t<div class=\"e-con-inner\">\n\t\t\t\t<div class=\"elementor-element elementor-element-1ecc3b32 elementor-widget elementor-widget-heading\" data-id=\"1ecc3b32\" data-element_type=\"widget\" data-e-type=\"widget\" data-widget_type=\"heading.default\">\n\t\t\t\t\t<h2 class=\"elementor-heading-title elementor-size-default\">\u00daNETE A NUESTRAS NOCHES DE M\u00daSICA EN DIRECTO<\/h2>\t\t\t\t<\/div>\n\t\t\t\t<div class=\"elementor-element elementor-element-72870613 animated-slow elementor-invisible elementor-widget elementor-widget-heading\" data-id=\"72870613\" data-element_type=\"widget\" data-e-type=\"widget\" data-settings=\"{&quot;_animation&quot;:&quot;fadeInUp&quot;,&quot;_animation_delay&quot;:200}\" data-widget_type=\"heading.default\">\n\t\t\t\t\t<h2 class=\"elementor-heading-title elementor-size-default\">Ponte en contacto con Big Bang Ocean Club, en Almu\u00f1\u00e9car, para descubrir pr\u00f3ximos conciertos y eventos con m\u00fasica en directo. Tanto si quieres disfrutar de una noche especial, reservar una mesa o vivir la m\u00fasica frente al mar, Big Bang te ofrece un entorno \u00fanico en la Costa Tropical de Granada.<\/h2>\t\t\t\t<\/div>\n\t\t\t\t<div class=\"elementor-element elementor-element-1a4fd989 elementor-align-center elementor-mobile-align-left animated-slow elementor-invisible elementor-widget elementor-widget-button\" data-id=\"1a4fd989\" data-element_type=\"widget\" data-e-type=\"widget\" data-settings=\"{&quot;_animation&quot;:&quot;zoomIn&quot;,&quot;_animation_delay&quot;:600}\" data-widget_type=\"button.default\">\n\t\t\t\t\t\t\t\t\t\t<a class=\"elementor-button elementor-button-link elementor-size-sm\" href=\"https:\/\/wa.me\/34699774237?text=Hola%20Big%20Bang%20Ocean%20Club!\" target=\"_blank\" rel=\"noopener\">\n\t\t\t\t\t\t<span class=\"elementor-button-content-wrapper\">\n\t\t\t\t\t\t\t\t\t<span class=\"elementor-button-text\">RESERVAR POR WHATSAPP<\/span>\n\t\t\t\t\t<\/span>\n\t\t\t\t\t<\/a>\n\t\t\t\t\t\t\t\t<\/div>\n\t\t\t\t\t<\/div>\n\t\t\t\t<\/div>\n\t\t\t\t<\/div>\n\t\t","protected":false},"excerpt":{"rendered":"<p>CONCIERTOS EN DIRECTO EN GRANADA, ALMU\u00d1\u00c9CAR M\u00daSICA EN DIRECTO \u00b7 EVENTOS ESPECIALES \u00b7 AMBIENTE FRENTE AL MAR \u00b7 VIDA NOCTURNA \u00bfBuscas conciertos en directo cerca de Granada? Big Bang Ocean Club, en Almu\u00f1\u00e9car, organiza eventos con m\u00fasica en directo en un entorno \u00fanico frente al mar, combinando gran ambiente, copas y vida nocturna en la [&hellip;]<\/p>\n","protected":false},"author":1,"featured_media":0,"parent":0,"menu_order":0,"comment_status":"closed","ping_status":"closed","template":"elementor_header_footer","meta":{"footnotes":""},"class_list":["post-3772","page","type-page","status-publish","hentry"],"_links":{"self":[{"href":"https:\/\/bigbangoceanclub.com\/en\/wp-json\/wp\/v2\/pages\/3772","targetHints":{"allow":["GET"]}}],"collection":[{"href":"https:\/\/bigbangoceanclub.com\/en\/wp-json\/wp\/v2\/pages"}],"about":[{"href":"https:\/\/bigbangoceanclub.com\/en\/wp-json\/wp\/v2\/types\/page"}],"author":[{"embeddable":true,"href":"https:\/\/bigbangoceanclub.com\/en\/wp-json\/wp\/v2\/users\/1"}],"replies":[{"embeddable":true,"href":"https:\/\/bigbangoceanclub.com\/en\/wp-json\/wp\/v2\/comments?post=3772"}],"version-history":[{"count":5,"href":"https:\/\/bigbangoceanclub.com\/en\/wp-json\/wp\/v2\/pages\/3772\/revisions"}],"predecessor-version":[{"id":4399,"href":"https:\/\/bigbangoceanclub.com\/en\/wp-json\/wp\/v2\/pages\/3772\/revisions\/4399"}],"wp:attachment":[{"href":"https:\/\/bigbangoceanclub.com\/en\/wp-json\/wp\/v2\/media?parent=3772"}],"curies":[{"name":"wp","href":"https:\/\/api.w.org\/{rel}","templated":true}]}}