{"id":3735,"date":"2026-04-23T08:45:23","date_gmt":"2026-04-23T08:45:23","guid":{"rendered":"https:\/\/bigbangocean.bloomspain.com\/?page_id=3735"},"modified":"2026-04-24T11:26:53","modified_gmt":"2026-04-24T11:26:53","slug":"fiestas-de-cumpleanos-en-granada-almunecar","status":"publish","type":"page","link":"https:\/\/bigbangoceanclub.com\/en\/fiestas-de-cumpleanos-en-granada-almunecar\/","title":{"rendered":"Birthday Parties in Granada, Almu\u00f1\u00e9car"},"content":{"rendered":"\t\t<div data-elementor-type=\"wp-page\" data-elementor-id=\"3735\" class=\"elementor elementor-3735\" data-elementor-post-type=\"page\">\n\t\t\t\t<div class=\"elementor-element elementor-element-275a8bbf e-flex e-con-boxed e-con e-parent\" data-id=\"275a8bbf\" data-element_type=\"container\" data-e-type=\"container\" data-settings=\"{&quot;background_background&quot;:&quot;classic&quot;}\">\n\t\t\t\t\t<div class=\"e-con-inner\">\n\t\t<div class=\"elementor-element elementor-element-5d96032d e-con-full e-flex e-con e-child\" data-id=\"5d96032d\" data-element_type=\"container\" data-e-type=\"container\" data-settings=\"{&quot;background_background&quot;:&quot;classic&quot;}\">\n\t\t\t\t<div class=\"elementor-element elementor-element-73083e95 animated-slow elementor-invisible elementor-widget elementor-widget-heading\" data-id=\"73083e95\" data-element_type=\"widget\" data-e-type=\"widget\" data-settings=\"{&quot;_animation&quot;:&quot;fadeIn&quot;}\" data-widget_type=\"heading.default\">\n\t\t\t\t\t<h1 class=\"elementor-heading-title elementor-size-default\">FIESTAS DE CUMPLEA\u00d1OS EN GRANADA, ALMU\u00d1\u00c9CAR<\/h1>\t\t\t\t<\/div>\n\t\t\t\t<div class=\"elementor-element elementor-element-1fa97a5d animated-slow elementor-invisible elementor-widget elementor-widget-heading\" data-id=\"1fa97a5d\" data-element_type=\"widget\" data-e-type=\"widget\" data-settings=\"{&quot;_animation&quot;:&quot;fadeIn&quot;}\" data-widget_type=\"heading.default\">\n\t\t\t\t\t<h2 class=\"elementor-heading-title elementor-size-default\">MESAS VIP \u00b7 CELEBRACIONES EN GRUPO \u00b7 COPAS FRENTE AL MAR \u00b7 VIDA NOCTURNA<\/h2>\t\t\t\t<\/div>\n\t\t\t\t<div class=\"elementor-element elementor-element-511129b4 animated-slow elementor-invisible elementor-widget elementor-widget-text-editor\" data-id=\"511129b4\" data-element_type=\"widget\" data-e-type=\"widget\" data-settings=\"{&quot;_animation&quot;:&quot;fadeIn&quot;,&quot;_animation_delay&quot;:200}\" data-widget_type=\"text-editor.default\">\n\t\t\t\t\t\t\t\t\t<p data-start=\"212\" data-end=\"433\">\u00bfBuscas el lugar perfecto para celebrar un cumplea\u00f1os cerca de Granada? Big Bang Ocean Club, en Almu\u00f1\u00e9car, es ideal para fiestas de cumplea\u00f1os con mesas VIP, m\u00fasica, c\u00f3cteles y un ambiente animado frente al mar en la Costa Tropical.<\/p>\t\t\t\t\t\t\t\t<\/div>\n\t\t\t\t<div class=\"elementor-element elementor-element-33bcb159 elementor-align-center elementor-invisible elementor-widget elementor-widget-button\" data-id=\"33bcb159\" data-element_type=\"widget\" data-e-type=\"widget\" data-settings=\"{&quot;_animation&quot;:&quot;zoomIn&quot;}\" data-widget_type=\"button.default\">\n\t\t\t\t\t\t\t\t\t\t<a class=\"elementor-button elementor-button-link elementor-size-sm\" href=\"https:\/\/wa.me\/34699774237?text=Hola%20Big%20Bang%20Ocean%20Club!\" target=\"_blank\" rel=\"noopener\">\n\t\t\t\t\t\t<span class=\"elementor-button-content-wrapper\">\n\t\t\t\t\t\t\t\t\t<span class=\"elementor-button-text\">RESERVAR AHORA<\/span>\n\t\t\t\t\t<\/span>\n\t\t\t\t\t<\/a>\n\t\t\t\t\t\t\t\t<\/div>\n\t\t\t\t<\/div>\n\t\t\t\t\t<\/div>\n\t\t\t\t<\/div>\n\t\t<div class=\"elementor-element elementor-element-53c14d2c e-flex e-con-boxed e-con e-parent\" data-id=\"53c14d2c\" data-element_type=\"container\" data-e-type=\"container\">\n\t\t\t\t\t<div class=\"e-con-inner\">\n\t\t\t\t<div class=\"elementor-element elementor-element-53b7a281 elementor-hidden-mobile elementor-widget elementor-widget-spacer\" data-id=\"53b7a281\" data-element_type=\"widget\" data-e-type=\"widget\" data-widget_type=\"spacer.default\">\n\t\t\t\t\t\t\t<div class=\"elementor-spacer\">\n\t\t\t<div class=\"elementor-spacer-inner\"><\/div>\n\t\t<\/div>\n\t\t\t\t\t\t<\/div>\n\t\t\t\t<div class=\"elementor-element elementor-element-47f9aeb2 animated-slow elementor-invisible elementor-widget elementor-widget-heading\" data-id=\"47f9aeb2\" data-element_type=\"widget\" data-e-type=\"widget\" data-settings=\"{&quot;_animation&quot;:&quot;fadeIn&quot;}\" data-widget_type=\"heading.default\">\n\t\t\t\t\t<h2 class=\"elementor-heading-title elementor-size-default\">QU\u00c9 PUEDES ESPERAR DE NUESTRAS FIESTAS DE CUMPLEA\u00d1OS<\/h2>\t\t\t\t<\/div>\n\t\t\t\t\t<\/div>\n\t\t\t\t<\/div>\n\t\t<div class=\"elementor-element elementor-element-5a425109 e-flex e-con-boxed e-con e-parent\" data-id=\"5a425109\" data-element_type=\"container\" data-e-type=\"container\">\n\t\t\t\t\t<div class=\"e-con-inner\">\n\t\t<div class=\"elementor-element elementor-element-318ef17c e-grid e-con-full e-con e-child\" data-id=\"318ef17c\" data-element_type=\"container\" data-e-type=\"container\">\n\t\t\t\t<div class=\"elementor-element elementor-element-d663dcb animated-slow elementor-invisible elementor-widget elementor-widget-text-editor\" data-id=\"d663dcb\" data-element_type=\"widget\" data-e-type=\"widget\" data-settings=\"{&quot;_animation&quot;:&quot;fadeInLeft&quot;,&quot;_animation_delay&quot;:200}\" data-widget_type=\"text-editor.default\">\n\t\t\t\t\t\t\t\t\t<p>Mesas VIP y reservas para grupos<\/p>\t\t\t\t\t\t\t\t<\/div>\n\t\t\t\t<div class=\"elementor-element elementor-element-493d8f36 animated-slow elementor-invisible elementor-widget elementor-widget-text-editor\" data-id=\"493d8f36\" data-element_type=\"widget\" data-e-type=\"widget\" data-settings=\"{&quot;_animation&quot;:&quot;fadeInLeft&quot;,&quot;_animation_delay&quot;:400}\" data-widget_type=\"text-editor.default\">\n\t\t\t\t\t\t\t\t\t<p>M\u00fasica, copas y un gran ambiente de fiesta<\/p>\t\t\t\t\t\t\t\t<\/div>\n\t\t\t\t<div class=\"elementor-element elementor-element-566788fb animated-slow elementor-invisible elementor-widget elementor-widget-text-editor\" data-id=\"566788fb\" data-element_type=\"widget\" data-e-type=\"widget\" data-settings=\"{&quot;_animation&quot;:&quot;fadeInLeft&quot;,&quot;_animation_delay&quot;:600}\" data-widget_type=\"text-editor.default\">\n\t\t\t\t\t\t\t\t\t<div class=\"relative w-full mt-4 mb-1\"><div class=\"\"><div class=\"relative\"><div class=\"h-full min-h-0 min-w-0\"><div class=\"h-full min-h-0 min-w-0\"><div class=\"border border-token-border-light border-radius-3xl corner-superellipse\/1.1 rounded-3xl\"><div class=\"h-full w-full border-radius-3xl bg-token-bg-elevated-secondary corner-superellipse\/1.1 overflow-clip rounded-3xl lxnfua_clipPathFallback\"><div class=\"relative\"><div class=\"pe-11 pt-3\"><div class=\"relative z-0 flex max-w-full\"><div id=\"code-block-viewer\" class=\"q9tKkq_viewer cm-editor z-10 light:cm-light dark:cm-light flex h-full w-full flex-col items-stretch \u037cd \u037cr\" dir=\"ltr\"><div class=\"cm-scroller\"><div class=\"cm-content q9tKkq_readonly\">Un entorno frente al mar para una celebraci\u00f3n m\u00e1s especial<\/div><\/div><\/div><\/div><\/div><\/div><\/div><\/div><\/div><\/div><\/div><\/div><\/div>\t\t\t\t\t\t\t\t<\/div>\n\t\t\t\t<\/div>\n\t\t\t\t\t<\/div>\n\t\t\t\t<\/div>\n\t\t<div class=\"elementor-element elementor-element-277f6713 e-flex e-con-boxed e-con e-parent\" data-id=\"277f6713\" data-element_type=\"container\" data-e-type=\"container\">\n\t\t\t\t\t<div class=\"e-con-inner\">\n\t\t\t\t<div class=\"elementor-element elementor-element-26fa7c7d elementor-pagination-type-bullets elementor-pagination-position-outside elementor-widget elementor-widget-n-carousel\" data-id=\"26fa7c7d\" data-element_type=\"widget\" data-e-type=\"widget\" data-settings=\"{&quot;carousel_items&quot;:[{&quot;slide_title&quot;:&quot;Slide #1&quot;,&quot;_id&quot;:&quot;289e4b0&quot;},{&quot;slide_title&quot;:&quot;Slide #2&quot;,&quot;_id&quot;:&quot;8a55454&quot;},{&quot;slide_title&quot;:&quot;Slide #3&quot;,&quot;_id&quot;:&quot;42871c5&quot;}],&quot;slides_to_show_tablet&quot;:&quot;2&quot;,&quot;slides_to_show_mobile&quot;:&quot;1&quot;,&quot;autoplay&quot;:&quot;yes&quot;,&quot;autoplay_speed&quot;:5000,&quot;pause_on_hover&quot;:&quot;yes&quot;,&quot;pause_on_interaction&quot;:&quot;yes&quot;,&quot;infinite&quot;:&quot;yes&quot;,&quot;speed&quot;:500,&quot;offset_sides&quot;:&quot;none&quot;,&quot;pagination&quot;:&quot;bullets&quot;,&quot;image_spacing_custom&quot;:{&quot;unit&quot;:&quot;px&quot;,&quot;size&quot;:10,&quot;sizes&quot;:[]},&quot;image_spacing_custom_tablet&quot;:{&quot;unit&quot;:&quot;px&quot;,&quot;size&quot;:&quot;&quot;,&quot;sizes&quot;:[]},&quot;image_spacing_custom_mobile&quot;:{&quot;unit&quot;:&quot;px&quot;,&quot;size&quot;:&quot;&quot;,&quot;sizes&quot;:[]}}\" data-widget_type=\"nested-carousel.default\">\n\t\t\t\t\t\t\t<div class=\"e-n-carousel swiper\" role=\"region\" aria-roledescription=\"carousel\" aria-label=\"Carousel\" dir=\"ltr\">\n\t\t\t<div class=\"swiper-wrapper\" aria-live=\"off\">\n\t\t\t\t\t\t\t\t\t\t<div class=\"swiper-slide\" data-slide=\"1\" role=\"group\" aria-roledescription=\"slide\" aria-label=\"1 of 3\">\n\t\t\t\t\t\t\t<div class=\"elementor-element elementor-element-2e380598 e-flex e-con-boxed e-con e-child\" data-id=\"2e380598\" data-element_type=\"container\" data-e-type=\"container\">\n\t\t\t\t\t<div class=\"e-con-inner\">\n\t\t\t\t<div class=\"elementor-element elementor-element-621ee623 elementor-widget elementor-widget-image\" data-id=\"621ee623\" data-element_type=\"widget\" data-e-type=\"widget\" data-widget_type=\"image.default\">\n\t\t\t\t\t\t\t\t\t\t\t\t\t\t\t<img fetchpriority=\"high\" decoding=\"async\" width=\"1200\" height=\"1799\" src=\"https:\/\/bigbangoceanclub.com\/wp-content\/uploads\/2026\/04\/257A4012.jpg\" class=\"attachment-full size-full wp-image-3222\" alt=\"Mesa VIP en discoteca en Almu\u00f1\u00e9car con amigas disfrutando en Big Bang Ocean Club\" srcset=\"https:\/\/bigbangoceanclub.com\/wp-content\/uploads\/2026\/04\/257A4012.jpg 1200w, https:\/\/bigbangoceanclub.com\/wp-content\/uploads\/2026\/04\/257A4012-200x300.jpg 200w, https:\/\/bigbangoceanclub.com\/wp-content\/uploads\/2026\/04\/257A4012-683x1024.jpg 683w, https:\/\/bigbangoceanclub.com\/wp-content\/uploads\/2026\/04\/257A4012-768x1151.jpg 768w, https:\/\/bigbangoceanclub.com\/wp-content\/uploads\/2026\/04\/257A4012-1025x1536.jpg 1025w, https:\/\/bigbangoceanclub.com\/wp-content\/uploads\/2026\/04\/257A4012-8x12.jpg 8w\" sizes=\"(max-width: 1200px) 100vw, 1200px\" \/>\t\t\t\t\t\t\t\t\t\t\t\t\t\t\t<\/div>\n\t\t\t\t\t<\/div>\n\t\t\t\t<\/div>\n\t\t\t\t\t\t\t\t<\/div>\n\t\t\t\t\t\t\t\t\t\t\t<div class=\"swiper-slide\" data-slide=\"2\" role=\"group\" aria-roledescription=\"slide\" aria-label=\"2 of 3\">\n\t\t\t\t\t\t\t<div class=\"elementor-element elementor-element-78cf0645 e-flex e-con-boxed e-con e-child\" data-id=\"78cf0645\" data-element_type=\"container\" data-e-type=\"container\">\n\t\t\t\t\t<div class=\"e-con-inner\">\n\t\t\t\t<div class=\"elementor-element elementor-element-1c463bbc elementor-widget elementor-widget-image\" data-id=\"1c463bbc\" data-element_type=\"widget\" data-e-type=\"widget\" data-widget_type=\"image.default\">\n\t\t\t\t\t\t\t\t\t\t\t\t\t\t\t<img decoding=\"async\" width=\"1200\" height=\"1799\" data-src=\"https:\/\/bigbangoceanclub.com\/wp-content\/uploads\/2026\/04\/257A9336.jpg\" class=\"attachment-full size-full wp-image-3231 lazyload\" alt=\"amigas brindando en mesa VIP en Big Bang Ocean Club Almu\u00f1\u00e9car nightlife\" data-srcset=\"https:\/\/bigbangoceanclub.com\/wp-content\/uploads\/2026\/04\/257A9336.jpg 1200w, https:\/\/bigbangoceanclub.com\/wp-content\/uploads\/2026\/04\/257A9336-200x300.jpg 200w, https:\/\/bigbangoceanclub.com\/wp-content\/uploads\/2026\/04\/257A9336-683x1024.jpg 683w, https:\/\/bigbangoceanclub.com\/wp-content\/uploads\/2026\/04\/257A9336-768x1151.jpg 768w, https:\/\/bigbangoceanclub.com\/wp-content\/uploads\/2026\/04\/257A9336-1025x1536.jpg 1025w, https:\/\/bigbangoceanclub.com\/wp-content\/uploads\/2026\/04\/257A9336-8x12.jpg 8w\" data-sizes=\"(max-width: 1200px) 100vw, 1200px\" src=\"data:image\/svg+xml;base64,PHN2ZyB3aWR0aD0iMSIgaGVpZ2h0PSIxIiB4bWxucz0iaHR0cDovL3d3dy53My5vcmcvMjAwMC9zdmciPjwvc3ZnPg==\" style=\"--smush-placeholder-width: 1200px; --smush-placeholder-aspect-ratio: 1200\/1799;\" \/>\t\t\t\t\t\t\t\t\t\t\t\t\t\t\t<\/div>\n\t\t\t\t\t<\/div>\n\t\t\t\t<\/div>\n\t\t\t\t\t\t\t\t<\/div>\n\t\t\t\t\t\t\t\t\t\t\t<div class=\"swiper-slide\" data-slide=\"3\" role=\"group\" aria-roledescription=\"slide\" aria-label=\"3 of 3\">\n\t\t\t\t\t\t\t<div class=\"elementor-element elementor-element-2d6323ab e-flex e-con-boxed e-con e-child\" data-id=\"2d6323ab\" data-element_type=\"container\" data-e-type=\"container\">\n\t\t\t\t\t<div class=\"e-con-inner\">\n\t\t\t\t<div class=\"elementor-element elementor-element-4d671fa2 elementor-widget elementor-widget-image\" data-id=\"4d671fa2\" data-element_type=\"widget\" data-e-type=\"widget\" data-widget_type=\"image.default\">\n\t\t\t\t\t\t\t\t\t\t\t\t\t\t\t<img decoding=\"async\" width=\"1200\" height=\"1799\" data-src=\"https:\/\/bigbangoceanclub.com\/wp-content\/uploads\/2026\/04\/257A9179.jpg\" class=\"attachment-full size-full wp-image-3228 lazyload\" alt=\"mesa VIP con botellas premium y bengalas en discoteca en Almu\u00f1\u00e9car\" data-srcset=\"https:\/\/bigbangoceanclub.com\/wp-content\/uploads\/2026\/04\/257A9179.jpg 1200w, https:\/\/bigbangoceanclub.com\/wp-content\/uploads\/2026\/04\/257A9179-200x300.jpg 200w, https:\/\/bigbangoceanclub.com\/wp-content\/uploads\/2026\/04\/257A9179-683x1024.jpg 683w, https:\/\/bigbangoceanclub.com\/wp-content\/uploads\/2026\/04\/257A9179-768x1151.jpg 768w, https:\/\/bigbangoceanclub.com\/wp-content\/uploads\/2026\/04\/257A9179-1025x1536.jpg 1025w, https:\/\/bigbangoceanclub.com\/wp-content\/uploads\/2026\/04\/257A9179-8x12.jpg 8w\" data-sizes=\"(max-width: 1200px) 100vw, 1200px\" src=\"data:image\/svg+xml;base64,PHN2ZyB3aWR0aD0iMSIgaGVpZ2h0PSIxIiB4bWxucz0iaHR0cDovL3d3dy53My5vcmcvMjAwMC9zdmciPjwvc3ZnPg==\" style=\"--smush-placeholder-width: 1200px; --smush-placeholder-aspect-ratio: 1200\/1799;\" \/>\t\t\t\t\t\t\t\t\t\t\t\t\t\t\t<\/div>\n\t\t\t\t\t<\/div>\n\t\t\t\t<\/div>\n\t\t\t\t\t\t\t\t<\/div>\n\t\t\t\t\t\t\t\t<\/div>\n\t\t<\/div>\n\t\t\t\t\t<div class=\"swiper-pagination\"><\/div>\n\t\t\t\t\t\t<\/div>\n\t\t\t\t\t<\/div>\n\t\t\t\t<\/div>\n\t\t<div class=\"elementor-element elementor-element-6f7fc3bc e-flex e-con-boxed e-con e-parent\" data-id=\"6f7fc3bc\" data-element_type=\"container\" data-e-type=\"container\" data-settings=\"{&quot;background_background&quot;:&quot;gradient&quot;}\">\n\t\t\t\t\t<div class=\"e-con-inner\">\n\t\t\t\t<div class=\"elementor-element elementor-element-22271eab elementor-widget elementor-widget-spacer\" data-id=\"22271eab\" data-element_type=\"widget\" data-e-type=\"widget\" data-widget_type=\"spacer.default\">\n\t\t\t\t\t\t\t<div class=\"elementor-spacer\">\n\t\t\t<div class=\"elementor-spacer-inner\"><\/div>\n\t\t<\/div>\n\t\t\t\t\t\t<\/div>\n\t\t<div class=\"elementor-element elementor-element-3e0df5a2 e-con-full e-flex e-con e-child\" data-id=\"3e0df5a2\" data-element_type=\"container\" data-e-type=\"container\" data-settings=\"{&quot;background_background&quot;:&quot;classic&quot;}\">\n\t\t\t\t<div class=\"elementor-element elementor-element-29d83a2a animated-slow elementor-invisible elementor-widget elementor-widget-heading\" data-id=\"29d83a2a\" data-element_type=\"widget\" data-e-type=\"widget\" data-settings=\"{&quot;_animation&quot;:&quot;fadeIn&quot;}\" data-widget_type=\"heading.default\">\n\t\t\t\t\t<h2 class=\"elementor-heading-title elementor-size-default\">POR QU\u00c9 BIG BANG PARA FIESTAS DE CUMPLEA\u00d1OS<\/h2>\t\t\t\t<\/div>\n\t\t\t\t<div class=\"elementor-element elementor-element-3f1c848d elementor-widget elementor-widget-text-editor\" data-id=\"3f1c848d\" data-element_type=\"widget\" data-e-type=\"widget\" data-widget_type=\"text-editor.default\">\n\t\t\t\t\t\t\t\t\t<p data-start=\"757\" data-end=\"1009\">Big Bang Ocean Club ofrece mucho m\u00e1s que una cena de cumplea\u00f1os o una simple noche de copas. Con vistas al mar, m\u00fasica, c\u00f3cteles y espacio para grupos, es el lugar perfecto para celebrar un cumplea\u00f1os en Almu\u00f1\u00e9car en un ambiente m\u00e1s especial, animado y frente al mar.<\/p>\t\t\t\t\t\t\t\t<\/div>\n\t\t\t\t<div class=\"elementor-element elementor-element-1bf5b4d elementor-widget elementor-widget-spacer\" data-id=\"1bf5b4d\" data-element_type=\"widget\" data-e-type=\"widget\" data-widget_type=\"spacer.default\">\n\t\t\t\t\t\t\t<div class=\"elementor-spacer\">\n\t\t\t<div class=\"elementor-spacer-inner\"><\/div>\n\t\t<\/div>\n\t\t\t\t\t\t<\/div>\n\t\t\t\t<\/div>\n\t\t\t\t\t<\/div>\n\t\t\t\t<\/div>\n\t\t<div class=\"elementor-element elementor-element-26fc93fe e-flex e-con-boxed e-con e-parent\" data-id=\"26fc93fe\" data-element_type=\"container\" data-e-type=\"container\">\n\t\t\t\t\t<div class=\"e-con-inner\">\n\t\t\t\t<div class=\"elementor-element elementor-element-60468c06 elementor-widget elementor-widget-heading\" data-id=\"60468c06\" data-element_type=\"widget\" data-e-type=\"widget\" data-widget_type=\"heading.default\">\n\t\t\t\t\t<h2 class=\"elementor-heading-title elementor-size-default\">CELEBRA TU CUMPLEA\u00d1OS CON NOSOTROS<\/h2>\t\t\t\t<\/div>\n\t\t\t\t<div class=\"elementor-element elementor-element-2df98eab animated-slow elementor-invisible elementor-widget elementor-widget-heading\" data-id=\"2df98eab\" data-element_type=\"widget\" data-e-type=\"widget\" data-settings=\"{&quot;_animation&quot;:&quot;fadeInUp&quot;,&quot;_animation_delay&quot;:200}\" data-widget_type=\"heading.default\">\n\t\t\t\t\t<h2 class=\"elementor-heading-title elementor-size-default\">Ponte en contacto con Big Bang Ocean Club, en Almu\u00f1\u00e9car, para organizar tu celebraci\u00f3n. Tanto si buscas mesas VIP, copas junto al mar o un ambiente animado para tu grupo, te ayudaremos a crear una fiesta de cumplea\u00f1os perfecta en la Costa Tropical de Granada.<\/h2>\t\t\t\t<\/div>\n\t\t\t\t<div class=\"elementor-element elementor-element-650ed9f6 elementor-align-center elementor-mobile-align-left animated-slow elementor-invisible elementor-widget elementor-widget-button\" data-id=\"650ed9f6\" data-element_type=\"widget\" data-e-type=\"widget\" data-settings=\"{&quot;_animation&quot;:&quot;zoomIn&quot;,&quot;_animation_delay&quot;:600}\" data-widget_type=\"button.default\">\n\t\t\t\t\t\t\t\t\t\t<a class=\"elementor-button elementor-button-link elementor-size-sm\" href=\"https:\/\/wa.me\/34699774237?text=Hola%20Big%20Bang%20Ocean%20Club!\" target=\"_blank\" rel=\"noopener\">\n\t\t\t\t\t\t<span class=\"elementor-button-content-wrapper\">\n\t\t\t\t\t\t\t\t\t<span class=\"elementor-button-text\">RESERVAR POR WHATSAPP<\/span>\n\t\t\t\t\t<\/span>\n\t\t\t\t\t<\/a>\n\t\t\t\t\t\t\t\t<\/div>\n\t\t\t\t\t<\/div>\n\t\t\t\t<\/div>\n\t\t\t\t<\/div>\n\t\t","protected":false},"excerpt":{"rendered":"<p>FIESTAS DE CUMPLEA\u00d1OS EN GRANADA, ALMU\u00d1\u00c9CAR MESAS VIP \u00b7 CELEBRACIONES EN GRUPO \u00b7 COPAS FRENTE AL MAR \u00b7 VIDA NOCTURNA \u00bfBuscas el lugar perfecto para celebrar un cumplea\u00f1os cerca de Granada? Big Bang Ocean Club, en Almu\u00f1\u00e9car, es ideal para fiestas de cumplea\u00f1os con mesas VIP, m\u00fasica, c\u00f3cteles y un ambiente animado frente al mar [&hellip;]<\/p>\n","protected":false},"author":1,"featured_media":0,"parent":0,"menu_order":0,"comment_status":"closed","ping_status":"closed","template":"elementor_header_footer","meta":{"footnotes":""},"class_list":["post-3735","page","type-page","status-publish","hentry"],"_links":{"self":[{"href":"https:\/\/bigbangoceanclub.com\/en\/wp-json\/wp\/v2\/pages\/3735","targetHints":{"allow":["GET"]}}],"collection":[{"href":"https:\/\/bigbangoceanclub.com\/en\/wp-json\/wp\/v2\/pages"}],"about":[{"href":"https:\/\/bigbangoceanclub.com\/en\/wp-json\/wp\/v2\/types\/page"}],"author":[{"embeddable":true,"href":"https:\/\/bigbangoceanclub.com\/en\/wp-json\/wp\/v2\/users\/1"}],"replies":[{"embeddable":true,"href":"https:\/\/bigbangoceanclub.com\/en\/wp-json\/wp\/v2\/comments?post=3735"}],"version-history":[{"count":5,"href":"https:\/\/bigbangoceanclub.com\/en\/wp-json\/wp\/v2\/pages\/3735\/revisions"}],"predecessor-version":[{"id":4393,"href":"https:\/\/bigbangoceanclub.com\/en\/wp-json\/wp\/v2\/pages\/3735\/revisions\/4393"}],"wp:attachment":[{"href":"https:\/\/bigbangoceanclub.com\/en\/wp-json\/wp\/v2\/media?parent=3735"}],"curies":[{"name":"wp","href":"https:\/\/api.w.org\/{rel}","templated":true}]}}