{"id":3684,"date":"2026-04-23T08:30:43","date_gmt":"2026-04-23T08:30:43","guid":{"rendered":"https:\/\/bigbangocean.bloomspain.com\/?page_id=3684"},"modified":"2026-04-24T11:33:16","modified_gmt":"2026-04-24T11:33:16","slug":"tardeos-en-granada-almunecar","status":"publish","type":"page","link":"https:\/\/bigbangoceanclub.com\/en\/tardeos-en-granada-almunecar\/","title":{"rendered":"Tardeo in Granada, Almu\u00f1\u00e9car"},"content":{"rendered":"\t\t<div data-elementor-type=\"wp-page\" data-elementor-id=\"3684\" class=\"elementor elementor-3684\" data-elementor-post-type=\"page\">\n\t\t\t\t<div class=\"elementor-element elementor-element-13c49d6b e-flex e-con-boxed e-con e-parent\" data-id=\"13c49d6b\" data-element_type=\"container\" data-e-type=\"container\" data-settings=\"{&quot;background_background&quot;:&quot;classic&quot;}\">\n\t\t\t\t\t<div class=\"e-con-inner\">\n\t\t<div class=\"elementor-element elementor-element-30ff9300 e-con-full e-flex e-con e-child\" data-id=\"30ff9300\" data-element_type=\"container\" data-e-type=\"container\" data-settings=\"{&quot;background_background&quot;:&quot;classic&quot;}\">\n\t\t\t\t<div class=\"elementor-element elementor-element-5300bc9e animated-slow elementor-invisible elementor-widget elementor-widget-heading\" data-id=\"5300bc9e\" data-element_type=\"widget\" data-e-type=\"widget\" data-settings=\"{&quot;_animation&quot;:&quot;fadeIn&quot;}\" data-widget_type=\"heading.default\">\n\t\t\t\t\t<h1 class=\"elementor-heading-title elementor-size-default\">TARDEOS EN GRANADA, ALMU\u00d1\u00c9CAR<\/h1>\t\t\t\t<\/div>\n\t\t\t\t<div class=\"elementor-element elementor-element-6d0523df animated-slow elementor-invisible elementor-widget elementor-widget-heading\" data-id=\"6d0523df\" data-element_type=\"widget\" data-e-type=\"widget\" data-settings=\"{&quot;_animation&quot;:&quot;fadeIn&quot;}\" data-widget_type=\"heading.default\">\n\t\t\t\t\t<h2 class=\"elementor-heading-title elementor-size-default\">COPAS DE TARDE \u00b7 M\u00daSICA \u00b7 VISTAS AL MAR \u00b7 AMBIENTE SOCIAL<\/h2>\t\t\t\t<\/div>\n\t\t\t\t<div class=\"elementor-element elementor-element-3a98f832 animated-slow elementor-invisible elementor-widget elementor-widget-text-editor\" data-id=\"3a98f832\" data-element_type=\"widget\" data-e-type=\"widget\" data-settings=\"{&quot;_animation&quot;:&quot;fadeIn&quot;,&quot;_animation_delay&quot;:200}\" data-widget_type=\"text-editor.default\">\n\t\t\t\t\t\t\t\t\t<div class=\"relative w-full mt-4 mb-1\"><div class=\"\"><div class=\"relative\"><div class=\"h-full min-h-0 min-w-0\"><div class=\"h-full min-h-0 min-w-0\"><div class=\"border border-token-border-light border-radius-3xl corner-superellipse\/1.1 rounded-3xl\"><div class=\"h-full w-full border-radius-3xl bg-token-bg-elevated-secondary corner-superellipse\/1.1 overflow-clip rounded-3xl lxnfua_clipPathFallback\"><div class=\"relative\"><div class=\"pe-11 pt-3\"><div class=\"relative z-0 flex max-w-full\"><div id=\"code-block-viewer\" class=\"q9tKkq_viewer cm-editor z-10 light:cm-light dark:cm-light flex h-full w-full flex-col items-stretch \u037cd \u037cr\" dir=\"ltr\"><div class=\"cm-scroller\"><div class=\"cm-content q9tKkq_readonly\">\u00bfBuscas un buen tardeo cerca de Granada? Big Bang Ocean Club, en Almu\u00f1\u00e9car, ofrece el plan perfecto de tarde a noche con m\u00fasica, c\u00f3cteles, vistas al mar y un ambiente social animado en la Costa Tropical. Con la playa justo enfrente, una zona infantil cercana y entretenimiento familiar en algunos d\u00edas, tambi\u00e9n es un espacio relajado y divertido para grupos, amigos y familias.<\/div><\/div><\/div><\/div><\/div><\/div><\/div><\/div><\/div><\/div><\/div><\/div><\/div>\t\t\t\t\t\t\t\t<\/div>\n\t\t\t\t<\/div>\n\t\t\t\t\t<\/div>\n\t\t\t\t<\/div>\n\t\t<div class=\"elementor-element elementor-element-4f5ac018 e-flex e-con-boxed e-con e-parent\" data-id=\"4f5ac018\" data-element_type=\"container\" data-e-type=\"container\">\n\t\t\t\t\t<div class=\"e-con-inner\">\n\t\t\t\t<div class=\"elementor-element elementor-element-6be6447e elementor-widget elementor-widget-spacer\" data-id=\"6be6447e\" data-element_type=\"widget\" data-e-type=\"widget\" data-widget_type=\"spacer.default\">\n\t\t\t\t\t\t\t<div class=\"elementor-spacer\">\n\t\t\t<div class=\"elementor-spacer-inner\"><\/div>\n\t\t<\/div>\n\t\t\t\t\t\t<\/div>\n\t\t\t\t<div class=\"elementor-element elementor-element-2703bceb animated-slow elementor-invisible elementor-widget elementor-widget-heading\" data-id=\"2703bceb\" data-element_type=\"widget\" data-e-type=\"widget\" data-settings=\"{&quot;_animation&quot;:&quot;fadeIn&quot;}\" data-widget_type=\"heading.default\">\n\t\t\t\t\t<h2 class=\"elementor-heading-title elementor-size-default\">QU\u00c9 PUEDES ESPERAR DE NUESTROS TARDEOS<\/h2>\t\t\t\t<\/div>\n\t\t\t\t\t<\/div>\n\t\t\t\t<\/div>\n\t\t<div class=\"elementor-element elementor-element-1f66ae9a e-flex e-con-boxed e-con e-parent\" data-id=\"1f66ae9a\" data-element_type=\"container\" data-e-type=\"container\">\n\t\t\t\t\t<div class=\"e-con-inner\">\n\t\t<div class=\"elementor-element elementor-element-16605588 e-grid e-con-full e-con e-child\" data-id=\"16605588\" data-element_type=\"container\" data-e-type=\"container\">\n\t\t\t\t<div class=\"elementor-element elementor-element-1b02fab4 animated-slow elementor-invisible elementor-widget elementor-widget-text-editor\" data-id=\"1b02fab4\" data-element_type=\"widget\" data-e-type=\"widget\" data-settings=\"{&quot;_animation&quot;:&quot;fadeInLeft&quot;,&quot;_animation_delay&quot;:200}\" data-widget_type=\"text-editor.default\">\n\t\t\t\t\t\t\t\t\t<p>Copas de tarde y c\u00f3cteles junto al mar<\/p>\t\t\t\t\t\t\t\t<\/div>\n\t\t\t\t<div class=\"elementor-element elementor-element-43a6bfd1 animated-slow elementor-invisible elementor-widget elementor-widget-text-editor\" data-id=\"43a6bfd1\" data-element_type=\"widget\" data-e-type=\"widget\" data-settings=\"{&quot;_animation&quot;:&quot;fadeInLeft&quot;,&quot;_animation_delay&quot;:400}\" data-widget_type=\"text-editor.default\">\n\t\t\t\t\t\t\t\t\t<p>M\u00fasica en directo, saxof\u00f3n y actuaciones especiales<\/p>\t\t\t\t\t\t\t\t<\/div>\n\t\t\t\t<div class=\"elementor-element elementor-element-372a6103 animated-slow elementor-invisible elementor-widget elementor-widget-text-editor\" data-id=\"372a6103\" data-element_type=\"widget\" data-e-type=\"widget\" data-settings=\"{&quot;_animation&quot;:&quot;fadeInLeft&quot;,&quot;_animation_delay&quot;:600}\" data-widget_type=\"text-editor.default\">\n\t\t\t\t\t\t\t\t\t<div class=\"relative w-full mt-4 mb-1\"><div class=\"\"><div class=\"relative\"><div class=\"h-full min-h-0 min-w-0\"><div class=\"h-full min-h-0 min-w-0\"><div class=\"border border-token-border-light border-radius-3xl corner-superellipse\/1.1 rounded-3xl\"><div class=\"h-full w-full border-radius-3xl bg-token-bg-elevated-secondary corner-superellipse\/1.1 overflow-clip rounded-3xl lxnfua_clipPathFallback\"><div class=\"relative\"><div class=\"pe-11 pt-3\"><div class=\"relative z-0 flex max-w-full\"><div id=\"code-block-viewer\" class=\"q9tKkq_viewer cm-editor z-10 light:cm-light dark:cm-light flex h-full w-full flex-col items-stretch \u037cd \u037cr\" dir=\"ltr\"><div class=\"cm-scroller\"><div class=\"cm-content q9tKkq_readonly\">Un ambiente relajado frente al mar que tambi\u00e9n funciona bien para familias con ni\u00f1os<\/div><\/div><\/div><\/div><\/div><\/div><\/div><\/div><\/div><\/div><\/div><\/div><\/div>\t\t\t\t\t\t\t\t<\/div>\n\t\t\t\t<\/div>\n\t\t\t\t\t<\/div>\n\t\t\t\t<\/div>\n\t\t<div class=\"elementor-element elementor-element-523f6aa0 e-flex e-con-boxed e-con e-parent\" data-id=\"523f6aa0\" data-element_type=\"container\" data-e-type=\"container\">\n\t\t\t\t\t<div class=\"e-con-inner\">\n\t\t\t\t<div class=\"elementor-element elementor-element-49062521 elementor-pagination-type-bullets elementor-pagination-position-outside elementor-widget elementor-widget-n-carousel\" data-id=\"49062521\" data-element_type=\"widget\" data-e-type=\"widget\" data-settings=\"{&quot;carousel_items&quot;:[{&quot;slide_title&quot;:&quot;Slide #1&quot;,&quot;_id&quot;:&quot;289e4b0&quot;},{&quot;slide_title&quot;:&quot;Slide #2&quot;,&quot;_id&quot;:&quot;8a55454&quot;},{&quot;slide_title&quot;:&quot;Slide #3&quot;,&quot;_id&quot;:&quot;42871c5&quot;}],&quot;slides_to_show_tablet&quot;:&quot;2&quot;,&quot;slides_to_show_mobile&quot;:&quot;1&quot;,&quot;autoplay&quot;:&quot;yes&quot;,&quot;autoplay_speed&quot;:5000,&quot;pause_on_hover&quot;:&quot;yes&quot;,&quot;pause_on_interaction&quot;:&quot;yes&quot;,&quot;infinite&quot;:&quot;yes&quot;,&quot;speed&quot;:500,&quot;offset_sides&quot;:&quot;none&quot;,&quot;pagination&quot;:&quot;bullets&quot;,&quot;image_spacing_custom&quot;:{&quot;unit&quot;:&quot;px&quot;,&quot;size&quot;:10,&quot;sizes&quot;:[]},&quot;image_spacing_custom_tablet&quot;:{&quot;unit&quot;:&quot;px&quot;,&quot;size&quot;:&quot;&quot;,&quot;sizes&quot;:[]},&quot;image_spacing_custom_mobile&quot;:{&quot;unit&quot;:&quot;px&quot;,&quot;size&quot;:&quot;&quot;,&quot;sizes&quot;:[]}}\" data-widget_type=\"nested-carousel.default\">\n\t\t\t\t\t\t\t<div class=\"e-n-carousel swiper\" role=\"region\" aria-roledescription=\"carousel\" aria-label=\"Carousel\" dir=\"ltr\">\n\t\t\t<div class=\"swiper-wrapper\" aria-live=\"off\">\n\t\t\t\t\t\t\t\t\t\t<div class=\"swiper-slide\" data-slide=\"1\" role=\"group\" aria-roledescription=\"slide\" aria-label=\"1 of 3\">\n\t\t\t\t\t\t\t<div class=\"elementor-element elementor-element-293f5930 e-flex e-con-boxed e-con e-child\" data-id=\"293f5930\" data-element_type=\"container\" data-e-type=\"container\">\n\t\t\t\t\t<div class=\"e-con-inner\">\n\t\t\t\t<div class=\"elementor-element elementor-element-7ddadcab elementor-widget elementor-widget-image\" data-id=\"7ddadcab\" data-element_type=\"widget\" data-e-type=\"widget\" data-widget_type=\"image.default\">\n\t\t\t\t\t\t\t\t\t\t\t\t\t\t\t<img fetchpriority=\"high\" decoding=\"async\" width=\"1200\" height=\"1799\" src=\"https:\/\/bigbangoceanclub.com\/wp-content\/uploads\/2026\/04\/257A8674.jpg\" class=\"attachment-full size-full wp-image-3189\" alt=\"TARDEOS IN GRANADA, ALMU\u00d1\u00c9CAR, live music\" srcset=\"https:\/\/bigbangoceanclub.com\/wp-content\/uploads\/2026\/04\/257A8674.jpg 1200w, https:\/\/bigbangoceanclub.com\/wp-content\/uploads\/2026\/04\/257A8674-200x300.jpg 200w, https:\/\/bigbangoceanclub.com\/wp-content\/uploads\/2026\/04\/257A8674-683x1024.jpg 683w, https:\/\/bigbangoceanclub.com\/wp-content\/uploads\/2026\/04\/257A8674-768x1151.jpg 768w, https:\/\/bigbangoceanclub.com\/wp-content\/uploads\/2026\/04\/257A8674-1025x1536.jpg 1025w, https:\/\/bigbangoceanclub.com\/wp-content\/uploads\/2026\/04\/257A8674-8x12.jpg 8w\" sizes=\"(max-width: 1200px) 100vw, 1200px\" \/>\t\t\t\t\t\t\t\t\t\t\t\t\t\t\t<\/div>\n\t\t\t\t\t<\/div>\n\t\t\t\t<\/div>\n\t\t\t\t\t\t\t\t<\/div>\n\t\t\t\t\t\t\t\t\t\t\t<div class=\"swiper-slide\" data-slide=\"2\" role=\"group\" aria-roledescription=\"slide\" aria-label=\"2 of 3\">\n\t\t\t\t\t\t\t<div class=\"elementor-element elementor-element-7622f9e6 e-flex e-con-boxed e-con e-child\" data-id=\"7622f9e6\" data-element_type=\"container\" data-e-type=\"container\">\n\t\t\t\t\t<div class=\"e-con-inner\">\n\t\t\t\t<div class=\"elementor-element elementor-element-585dd86d elementor-widget elementor-widget-image\" data-id=\"585dd86d\" data-element_type=\"widget\" data-e-type=\"widget\" data-widget_type=\"image.default\">\n\t\t\t\t\t\t\t\t\t\t\t\t\t\t\t<img decoding=\"async\" width=\"1200\" height=\"1799\" data-src=\"https:\/\/bigbangoceanclub.com\/wp-content\/uploads\/2026\/04\/257A8915.jpg\" class=\"attachment-full size-full wp-image-3201 lazyload\" alt=\"mujer disfrutando caf\u00e9 en terraza en Almu\u00f1\u00e9car Granada ambiente chillout\" data-srcset=\"https:\/\/bigbangoceanclub.com\/wp-content\/uploads\/2026\/04\/257A8915.jpg 1200w, https:\/\/bigbangoceanclub.com\/wp-content\/uploads\/2026\/04\/257A8915-200x300.jpg 200w, https:\/\/bigbangoceanclub.com\/wp-content\/uploads\/2026\/04\/257A8915-683x1024.jpg 683w, https:\/\/bigbangoceanclub.com\/wp-content\/uploads\/2026\/04\/257A8915-768x1151.jpg 768w, https:\/\/bigbangoceanclub.com\/wp-content\/uploads\/2026\/04\/257A8915-1025x1536.jpg 1025w, https:\/\/bigbangoceanclub.com\/wp-content\/uploads\/2026\/04\/257A8915-8x12.jpg 8w\" data-sizes=\"(max-width: 1200px) 100vw, 1200px\" src=\"data:image\/svg+xml;base64,PHN2ZyB3aWR0aD0iMSIgaGVpZ2h0PSIxIiB4bWxucz0iaHR0cDovL3d3dy53My5vcmcvMjAwMC9zdmciPjwvc3ZnPg==\" style=\"--smush-placeholder-width: 1200px; --smush-placeholder-aspect-ratio: 1200\/1799;\" \/>\t\t\t\t\t\t\t\t\t\t\t\t\t\t\t<\/div>\n\t\t\t\t\t<\/div>\n\t\t\t\t<\/div>\n\t\t\t\t\t\t\t\t<\/div>\n\t\t\t\t\t\t\t\t\t\t\t<div class=\"swiper-slide\" data-slide=\"3\" role=\"group\" aria-roledescription=\"slide\" aria-label=\"3 of 3\">\n\t\t\t\t\t\t\t<div class=\"elementor-element elementor-element-68fde47a e-flex e-con-boxed e-con e-child\" data-id=\"68fde47a\" data-element_type=\"container\" data-e-type=\"container\">\n\t\t\t\t\t<div class=\"e-con-inner\">\n\t\t\t\t<div class=\"elementor-element elementor-element-7f6fd80e elementor-widget elementor-widget-image\" data-id=\"7f6fd80e\" data-element_type=\"widget\" data-e-type=\"widget\" data-widget_type=\"image.default\">\n\t\t\t\t\t\t\t\t\t\t\t\t\t\t\t<img decoding=\"async\" width=\"1200\" height=\"1799\" data-src=\"https:\/\/bigbangoceanclub.com\/wp-content\/uploads\/2026\/04\/257A8874.jpg\" class=\"attachment-full size-full wp-image-3198 lazyload\" alt=\"TARDEOS IN GRANADA, ALMU\u00d1\u00c9CAR, live music and children play house\" data-srcset=\"https:\/\/bigbangoceanclub.com\/wp-content\/uploads\/2026\/04\/257A8874.jpg 1200w, https:\/\/bigbangoceanclub.com\/wp-content\/uploads\/2026\/04\/257A8874-200x300.jpg 200w, https:\/\/bigbangoceanclub.com\/wp-content\/uploads\/2026\/04\/257A8874-683x1024.jpg 683w, https:\/\/bigbangoceanclub.com\/wp-content\/uploads\/2026\/04\/257A8874-768x1151.jpg 768w, https:\/\/bigbangoceanclub.com\/wp-content\/uploads\/2026\/04\/257A8874-1025x1536.jpg 1025w, https:\/\/bigbangoceanclub.com\/wp-content\/uploads\/2026\/04\/257A8874-8x12.jpg 8w\" data-sizes=\"(max-width: 1200px) 100vw, 1200px\" src=\"data:image\/svg+xml;base64,PHN2ZyB3aWR0aD0iMSIgaGVpZ2h0PSIxIiB4bWxucz0iaHR0cDovL3d3dy53My5vcmcvMjAwMC9zdmciPjwvc3ZnPg==\" style=\"--smush-placeholder-width: 1200px; --smush-placeholder-aspect-ratio: 1200\/1799;\" \/>\t\t\t\t\t\t\t\t\t\t\t\t\t\t\t<\/div>\n\t\t\t\t\t<\/div>\n\t\t\t\t<\/div>\n\t\t\t\t\t\t\t\t<\/div>\n\t\t\t\t\t\t\t\t<\/div>\n\t\t<\/div>\n\t\t\t\t\t<div class=\"swiper-pagination\"><\/div>\n\t\t\t\t\t\t<\/div>\n\t\t\t\t\t<\/div>\n\t\t\t\t<\/div>\n\t\t<div class=\"elementor-element elementor-element-6b333a6d e-flex e-con-boxed e-con e-parent\" data-id=\"6b333a6d\" data-element_type=\"container\" data-e-type=\"container\" data-settings=\"{&quot;background_background&quot;:&quot;gradient&quot;}\">\n\t\t\t\t\t<div class=\"e-con-inner\">\n\t\t\t\t<div class=\"elementor-element elementor-element-4e91f3cc elementor-widget elementor-widget-spacer\" data-id=\"4e91f3cc\" data-element_type=\"widget\" data-e-type=\"widget\" data-widget_type=\"spacer.default\">\n\t\t\t\t\t\t\t<div class=\"elementor-spacer\">\n\t\t\t<div class=\"elementor-spacer-inner\"><\/div>\n\t\t<\/div>\n\t\t\t\t\t\t<\/div>\n\t\t<div class=\"elementor-element elementor-element-4f181d96 e-con-full e-flex e-con e-child\" data-id=\"4f181d96\" data-element_type=\"container\" data-e-type=\"container\" data-settings=\"{&quot;background_background&quot;:&quot;classic&quot;}\">\n\t\t\t\t<div class=\"elementor-element elementor-element-71a3f7f animated-slow elementor-invisible elementor-widget elementor-widget-heading\" data-id=\"71a3f7f\" data-element_type=\"widget\" data-e-type=\"widget\" data-settings=\"{&quot;_animation&quot;:&quot;fadeIn&quot;}\" data-widget_type=\"heading.default\">\n\t\t\t\t\t<h2 class=\"elementor-heading-title elementor-size-default\">POR QU\u00c9 BIG BANG PARA TARDEOS<\/h2>\t\t\t\t<\/div>\n\t\t\t\t<div class=\"elementor-element elementor-element-5b366d31 elementor-widget elementor-widget-text-editor\" data-id=\"5b366d31\" data-element_type=\"widget\" data-e-type=\"widget\" data-widget_type=\"text-editor.default\">\n\t\t\t\t\t\t\t\t\t<p data-start=\"1333\" data-end=\"1732\">Big Bang Ocean Club combina m\u00fasica, vistas al mar y un ambiente social con estilo en Almu\u00f1\u00e9car. Con la playa justo enfrente y un ambiente animado pero relajado, es el lugar perfecto para disfrutar de un tardeo en la Costa Tropical. En algunos d\u00edas, la experiencia tambi\u00e9n puede incluir m\u00fasica en directo, entretenimiento familiar y actividades que lo convierten en un plan c\u00f3modo y agradable junto al mar para distintas edades.<\/p>\t\t\t\t\t\t\t\t<\/div>\n\t\t\t\t<div class=\"elementor-element elementor-element-5df87171 elementor-widget elementor-widget-spacer\" data-id=\"5df87171\" data-element_type=\"widget\" data-e-type=\"widget\" data-widget_type=\"spacer.default\">\n\t\t\t\t\t\t\t<div class=\"elementor-spacer\">\n\t\t\t<div class=\"elementor-spacer-inner\"><\/div>\n\t\t<\/div>\n\t\t\t\t\t\t<\/div>\n\t\t\t\t<\/div>\n\t\t\t\t\t<\/div>\n\t\t\t\t<\/div>\n\t\t<div class=\"elementor-element elementor-element-33fe7218 e-flex e-con-boxed e-con e-parent\" data-id=\"33fe7218\" data-element_type=\"container\" data-e-type=\"container\">\n\t\t\t\t\t<div class=\"e-con-inner\">\n\t\t\t\t<div class=\"elementor-element elementor-element-32c7fd5a elementor-widget elementor-widget-heading\" data-id=\"32c7fd5a\" data-element_type=\"widget\" data-e-type=\"widget\" data-widget_type=\"heading.default\">\n\t\t\t\t\t<h2 class=\"elementor-heading-title elementor-size-default\">VEN A DISFRUTAR DE UN GRAN TARDEO<\/h2>\t\t\t\t<\/div>\n\t\t\t\t<div class=\"elementor-element elementor-element-16af00a0 animated-slow elementor-invisible elementor-widget elementor-widget-heading\" data-id=\"16af00a0\" data-element_type=\"widget\" data-e-type=\"widget\" data-settings=\"{&quot;_animation&quot;:&quot;fadeInUp&quot;,&quot;_animation_delay&quot;:200}\" data-widget_type=\"heading.default\">\n\t\t\t\t\t<h2 class=\"elementor-heading-title elementor-size-default\">Ven a Big Bang Ocean Club, en Almu\u00f1\u00e9car, y disfruta de copas de tarde, m\u00fasica y un gran ambiente frente al mar. Tanto si vienes con amigos, para disfrutar de actuaciones en directo o buscas un plan divertido junto a la playa que tambi\u00e9n pueda encajar con familias, nuestros tardeos son una forma perfecta de disfrutar del d\u00eda en la Costa Tropical de Granada.<\/h2>\t\t\t\t<\/div>\n\t\t\t\t<div class=\"elementor-element elementor-element-230ffb94 elementor-align-center elementor-mobile-align-left animated-slow elementor-invisible elementor-widget elementor-widget-button\" data-id=\"230ffb94\" data-element_type=\"widget\" data-e-type=\"widget\" data-settings=\"{&quot;_animation&quot;:&quot;zoomIn&quot;,&quot;_animation_delay&quot;:600}\" data-widget_type=\"button.default\">\n\t\t\t\t\t\t\t\t\t\t<a class=\"elementor-button elementor-button-link elementor-size-sm\" href=\"https:\/\/wa.me\/34699774237?text=Hola%20Big%20Bang%20Ocean%20Club!\" target=\"_blank\" rel=\"noopener\">\n\t\t\t\t\t\t<span class=\"elementor-button-content-wrapper\">\n\t\t\t\t\t\t\t\t\t<span class=\"elementor-button-text\">RESERVAR POR WHATSAPP<\/span>\n\t\t\t\t\t<\/span>\n\t\t\t\t\t<\/a>\n\t\t\t\t\t\t\t\t<\/div>\n\t\t\t\t\t<\/div>\n\t\t\t\t<\/div>\n\t\t\t\t<\/div>\n\t\t","protected":false},"excerpt":{"rendered":"<p>TARDEOS EN GRANADA, ALMU\u00d1\u00c9CAR COPAS DE TARDE \u00b7 M\u00daSICA \u00b7 VISTAS AL MAR \u00b7 AMBIENTE SOCIAL \u00bfBuscas un buen tardeo cerca de Granada? Big Bang Ocean Club, en Almu\u00f1\u00e9car, ofrece el plan perfecto de tarde a noche con m\u00fasica, c\u00f3cteles, vistas al mar y un ambiente social animado en la Costa Tropical. Con la playa [&hellip;]<\/p>\n","protected":false},"author":1,"featured_media":0,"parent":0,"menu_order":0,"comment_status":"closed","ping_status":"closed","template":"elementor_header_footer","meta":{"footnotes":""},"class_list":["post-3684","page","type-page","status-publish","hentry"],"_links":{"self":[{"href":"https:\/\/bigbangoceanclub.com\/en\/wp-json\/wp\/v2\/pages\/3684","targetHints":{"allow":["GET"]}}],"collection":[{"href":"https:\/\/bigbangoceanclub.com\/en\/wp-json\/wp\/v2\/pages"}],"about":[{"href":"https:\/\/bigbangoceanclub.com\/en\/wp-json\/wp\/v2\/types\/page"}],"author":[{"embeddable":true,"href":"https:\/\/bigbangoceanclub.com\/en\/wp-json\/wp\/v2\/users\/1"}],"replies":[{"embeddable":true,"href":"https:\/\/bigbangoceanclub.com\/en\/wp-json\/wp\/v2\/comments?post=3684"}],"version-history":[{"count":5,"href":"https:\/\/bigbangoceanclub.com\/en\/wp-json\/wp\/v2\/pages\/3684\/revisions"}],"predecessor-version":[{"id":4405,"href":"https:\/\/bigbangoceanclub.com\/en\/wp-json\/wp\/v2\/pages\/3684\/revisions\/4405"}],"wp:attachment":[{"href":"https:\/\/bigbangoceanclub.com\/en\/wp-json\/wp\/v2\/media?parent=3684"}],"curies":[{"name":"wp","href":"https:\/\/api.w.org\/{rel}","templated":true}]}}