{"id":3652,"date":"2026-04-23T08:22:16","date_gmt":"2026-04-23T08:22:16","guid":{"rendered":"https:\/\/bigbangocean.bloomspain.com\/?page_id=3652"},"modified":"2026-04-24T11:24:24","modified_gmt":"2026-04-24T11:24:24","slug":"despedidas-de-soltero-en-granada-almunecar","status":"publish","type":"page","link":"https:\/\/bigbangoceanclub.com\/en\/despedidas-de-soltero-en-granada-almunecar\/","title":{"rendered":"Bachelor &amp; Bachelorette Parties in Granada, Almu\u00f1\u00e9car"},"content":{"rendered":"\t\t<div data-elementor-type=\"wp-page\" data-elementor-id=\"3652\" class=\"elementor elementor-3652\" data-elementor-post-type=\"page\">\n\t\t\t\t<div class=\"elementor-element elementor-element-c42e973 e-flex e-con-boxed e-con e-parent\" data-id=\"c42e973\" data-element_type=\"container\" data-e-type=\"container\" data-settings=\"{&quot;background_background&quot;:&quot;classic&quot;}\">\n\t\t\t\t\t<div class=\"e-con-inner\">\n\t\t<div class=\"elementor-element elementor-element-3640a7fe e-con-full e-flex e-con e-child\" data-id=\"3640a7fe\" data-element_type=\"container\" data-e-type=\"container\" data-settings=\"{&quot;background_background&quot;:&quot;classic&quot;}\">\n\t\t\t\t<div class=\"elementor-element elementor-element-69c4f287 animated-slow elementor-invisible elementor-widget elementor-widget-heading\" data-id=\"69c4f287\" data-element_type=\"widget\" data-e-type=\"widget\" data-settings=\"{&quot;_animation&quot;:&quot;fadeIn&quot;}\" data-widget_type=\"heading.default\">\n\t\t\t\t\t<h1 class=\"elementor-heading-title elementor-size-default\">DESPEDIDAS DE SOLTERO EN GRANADA, ALMU\u00d1\u00c9CAR<\/h1>\t\t\t\t<\/div>\n\t\t\t\t<div class=\"elementor-element elementor-element-3081ffcb animated-slow elementor-invisible elementor-widget elementor-widget-heading\" data-id=\"3081ffcb\" data-element_type=\"widget\" data-e-type=\"widget\" data-settings=\"{&quot;_animation&quot;:&quot;fadeIn&quot;}\" data-widget_type=\"heading.default\">\n\t\t\t\t\t<h2 class=\"elementor-heading-title elementor-size-default\">MESAS VIP \u00b7 RESERVAS PARA GRUPOS \u00b7 FIESTAS FRENTE AL MAR \u00b7 VIDA NOCTURNA<\/h2>\t\t\t\t<\/div>\n\t\t\t\t<div class=\"elementor-element elementor-element-5efe6d31 animated-slow elementor-invisible elementor-widget elementor-widget-text-editor\" data-id=\"5efe6d31\" data-element_type=\"widget\" data-e-type=\"widget\" data-settings=\"{&quot;_animation&quot;:&quot;fadeIn&quot;,&quot;_animation_delay&quot;:200}\" data-widget_type=\"text-editor.default\">\n\t\t\t\t\t\t\t\t\t<p data-start=\"767\" data-end=\"972\">\u00bfEst\u00e1s organizando una despedida de soltero cerca de Granada? Big Bang Ocean Club, en Almu\u00f1\u00e9car, es el lugar perfecto para grupos que buscan mesas VIP, m\u00fasica, copas y un ambiente animado frente al mar en la Costa Tropical.<\/p>\t\t\t\t\t\t\t\t<\/div>\n\t\t\t\t<div class=\"elementor-element elementor-element-24b1ba8a elementor-align-center elementor-invisible elementor-widget elementor-widget-button\" data-id=\"24b1ba8a\" data-element_type=\"widget\" data-e-type=\"widget\" data-settings=\"{&quot;_animation&quot;:&quot;zoomIn&quot;}\" data-widget_type=\"button.default\">\n\t\t\t\t\t\t\t\t\t\t<a class=\"elementor-button elementor-button-link elementor-size-sm\" href=\"https:\/\/wa.me\/34699774237?text=Hola%20Big%20Bang%20Ocean%20Club!\" target=\"_blank\" rel=\"noopener\">\n\t\t\t\t\t\t<span class=\"elementor-button-content-wrapper\">\n\t\t\t\t\t\t\t\t\t<span class=\"elementor-button-text\">RESERVAR AHORA<\/span>\n\t\t\t\t\t<\/span>\n\t\t\t\t\t<\/a>\n\t\t\t\t\t\t\t\t<\/div>\n\t\t\t\t<\/div>\n\t\t\t\t\t<\/div>\n\t\t\t\t<\/div>\n\t\t<div class=\"elementor-element elementor-element-3a28d2fb e-flex e-con-boxed e-con e-parent\" data-id=\"3a28d2fb\" data-element_type=\"container\" data-e-type=\"container\">\n\t\t\t\t\t<div class=\"e-con-inner\">\n\t\t\t\t<div class=\"elementor-element elementor-element-2b5c5cf2 elementor-widget elementor-widget-spacer\" data-id=\"2b5c5cf2\" data-element_type=\"widget\" data-e-type=\"widget\" data-widget_type=\"spacer.default\">\n\t\t\t\t\t\t\t<div class=\"elementor-spacer\">\n\t\t\t<div class=\"elementor-spacer-inner\"><\/div>\n\t\t<\/div>\n\t\t\t\t\t\t<\/div>\n\t\t\t\t<div class=\"elementor-element elementor-element-3d484265 animated-slow elementor-invisible elementor-widget elementor-widget-heading\" data-id=\"3d484265\" data-element_type=\"widget\" data-e-type=\"widget\" data-settings=\"{&quot;_animation&quot;:&quot;fadeIn&quot;}\" data-widget_type=\"heading.default\">\n\t\t\t\t\t<h2 class=\"elementor-heading-title elementor-size-default\">QU\u00c9 PUEDES ESPERAR DE NUESTRAS DESPEDIDAS DE SOLTERO\/A<\/h2>\t\t\t\t<\/div>\n\t\t\t\t\t<\/div>\n\t\t\t\t<\/div>\n\t\t<div class=\"elementor-element elementor-element-5c12c40d e-flex e-con-boxed e-con e-parent\" data-id=\"5c12c40d\" data-element_type=\"container\" data-e-type=\"container\">\n\t\t\t\t\t<div class=\"e-con-inner\">\n\t\t<div class=\"elementor-element elementor-element-778562bd e-grid e-con-full e-con e-child\" data-id=\"778562bd\" data-element_type=\"container\" data-e-type=\"container\">\n\t\t\t\t<div class=\"elementor-element elementor-element-3bf3cf0b animated-slow elementor-invisible elementor-widget elementor-widget-text-editor\" data-id=\"3bf3cf0b\" data-element_type=\"widget\" data-e-type=\"widget\" data-settings=\"{&quot;_animation&quot;:&quot;fadeInLeft&quot;,&quot;_animation_delay&quot;:200}\" data-widget_type=\"text-editor.default\">\n\t\t\t\t\t\t\t\t\t<p>Mesas VIP y servicio de botellas para grupos<\/p>\t\t\t\t\t\t\t\t<\/div>\n\t\t\t\t<div class=\"elementor-element elementor-element-3737ece9 animated-slow elementor-invisible elementor-widget elementor-widget-text-editor\" data-id=\"3737ece9\" data-element_type=\"widget\" data-e-type=\"widget\" data-settings=\"{&quot;_animation&quot;:&quot;fadeInLeft&quot;,&quot;_animation_delay&quot;:400}\" data-widget_type=\"text-editor.default\">\n\t\t\t\t\t\t\t\t\t<p>Un ambiente de fiesta frente al mar en Almu\u00f1\u00e9car<\/p>\t\t\t\t\t\t\t\t<\/div>\n\t\t\t\t<div class=\"elementor-element elementor-element-62bb5f9f animated-slow elementor-invisible elementor-widget elementor-widget-text-editor\" data-id=\"62bb5f9f\" data-element_type=\"widget\" data-e-type=\"widget\" data-settings=\"{&quot;_animation&quot;:&quot;fadeInLeft&quot;,&quot;_animation_delay&quot;:600}\" data-widget_type=\"text-editor.default\">\n\t\t\t\t\t\t\t\t\t<div class=\"relative w-full mt-4 mb-1\"><div class=\"\"><div class=\"relative\"><div class=\"h-full min-h-0 min-w-0\"><div class=\"h-full min-h-0 min-w-0\"><div class=\"border border-token-border-light border-radius-3xl corner-superellipse\/1.1 rounded-3xl\"><div class=\"h-full w-full border-radius-3xl bg-token-bg-elevated-secondary corner-superellipse\/1.1 overflow-clip rounded-3xl lxnfua_clipPathFallback\"><div class=\"relative\"><div class=\"pe-11 pt-3\"><div class=\"relative z-0 flex max-w-full\"><div id=\"code-block-viewer\" class=\"q9tKkq_viewer cm-editor z-10 light:cm-light dark:cm-light flex h-full w-full flex-col items-stretch \u037cd \u037cr\" dir=\"ltr\"><div class=\"cm-scroller\"><div class=\"cm-content q9tKkq_readonly\">M\u00fasica, copas y una gran vida nocturna<\/div><\/div><\/div><\/div><\/div><\/div><\/div><\/div><\/div><\/div><\/div><\/div><\/div>\t\t\t\t\t\t\t\t<\/div>\n\t\t\t\t<\/div>\n\t\t\t\t\t<\/div>\n\t\t\t\t<\/div>\n\t\t<div class=\"elementor-element elementor-element-f9e6dfa e-flex e-con-boxed e-con e-parent\" data-id=\"f9e6dfa\" data-element_type=\"container\" data-e-type=\"container\">\n\t\t\t\t\t<div class=\"e-con-inner\">\n\t\t\t\t<div class=\"elementor-element elementor-element-68480a14 elementor-pagination-type-bullets elementor-pagination-position-outside elementor-widget elementor-widget-n-carousel\" data-id=\"68480a14\" data-element_type=\"widget\" data-e-type=\"widget\" data-settings=\"{&quot;carousel_items&quot;:[{&quot;slide_title&quot;:&quot;Slide #1&quot;,&quot;_id&quot;:&quot;289e4b0&quot;},{&quot;slide_title&quot;:&quot;Slide #2&quot;,&quot;_id&quot;:&quot;8a55454&quot;},{&quot;slide_title&quot;:&quot;Slide #3&quot;,&quot;_id&quot;:&quot;42871c5&quot;}],&quot;slides_to_show_tablet&quot;:&quot;2&quot;,&quot;slides_to_show_mobile&quot;:&quot;1&quot;,&quot;autoplay&quot;:&quot;yes&quot;,&quot;autoplay_speed&quot;:5000,&quot;pause_on_hover&quot;:&quot;yes&quot;,&quot;pause_on_interaction&quot;:&quot;yes&quot;,&quot;infinite&quot;:&quot;yes&quot;,&quot;speed&quot;:500,&quot;offset_sides&quot;:&quot;none&quot;,&quot;pagination&quot;:&quot;bullets&quot;,&quot;image_spacing_custom&quot;:{&quot;unit&quot;:&quot;px&quot;,&quot;size&quot;:10,&quot;sizes&quot;:[]},&quot;image_spacing_custom_tablet&quot;:{&quot;unit&quot;:&quot;px&quot;,&quot;size&quot;:&quot;&quot;,&quot;sizes&quot;:[]},&quot;image_spacing_custom_mobile&quot;:{&quot;unit&quot;:&quot;px&quot;,&quot;size&quot;:&quot;&quot;,&quot;sizes&quot;:[]}}\" data-widget_type=\"nested-carousel.default\">\n\t\t\t\t\t\t\t<div class=\"e-n-carousel swiper\" role=\"region\" aria-roledescription=\"carousel\" aria-label=\"Carousel\" dir=\"ltr\">\n\t\t\t<div class=\"swiper-wrapper\" aria-live=\"off\">\n\t\t\t\t\t\t\t\t\t\t<div class=\"swiper-slide\" data-slide=\"1\" role=\"group\" aria-roledescription=\"slide\" aria-label=\"1 of 3\">\n\t\t\t\t\t\t\t<div class=\"elementor-element elementor-element-29492cb6 e-flex e-con-boxed e-con e-child\" data-id=\"29492cb6\" data-element_type=\"container\" data-e-type=\"container\">\n\t\t\t\t\t<div class=\"e-con-inner\">\n\t\t\t\t<div class=\"elementor-element elementor-element-311f5ec4 elementor-widget elementor-widget-image\" data-id=\"311f5ec4\" data-element_type=\"widget\" data-e-type=\"widget\" data-widget_type=\"image.default\">\n\t\t\t\t\t\t\t\t\t\t\t\t\t\t\t<img fetchpriority=\"high\" decoding=\"async\" width=\"1200\" height=\"800\" src=\"https:\/\/bigbangoceanclub.com\/wp-content\/uploads\/2026\/04\/257A2554.jpg\" class=\"attachment-full size-full wp-image-3219\" alt=\"grupo de chicas en mesa VIP en discoteca en Almu\u00f1\u00e9car Granada Big Bang Ocean Club con botellas y ambiente de fiesta\" srcset=\"https:\/\/bigbangoceanclub.com\/wp-content\/uploads\/2026\/04\/257A2554.jpg 1200w, https:\/\/bigbangoceanclub.com\/wp-content\/uploads\/2026\/04\/257A2554-300x200.jpg 300w, https:\/\/bigbangoceanclub.com\/wp-content\/uploads\/2026\/04\/257A2554-1024x683.jpg 1024w, https:\/\/bigbangoceanclub.com\/wp-content\/uploads\/2026\/04\/257A2554-768x512.jpg 768w, https:\/\/bigbangoceanclub.com\/wp-content\/uploads\/2026\/04\/257A2554-18x12.jpg 18w\" sizes=\"(max-width: 1200px) 100vw, 1200px\" \/>\t\t\t\t\t\t\t\t\t\t\t\t\t\t\t<\/div>\n\t\t\t\t\t<\/div>\n\t\t\t\t<\/div>\n\t\t\t\t\t\t\t\t<\/div>\n\t\t\t\t\t\t\t\t\t\t\t<div class=\"swiper-slide\" data-slide=\"2\" role=\"group\" aria-roledescription=\"slide\" aria-label=\"2 of 3\">\n\t\t\t\t\t\t\t<div class=\"elementor-element elementor-element-6e7288ee e-flex e-con-boxed e-con e-child\" data-id=\"6e7288ee\" data-element_type=\"container\" data-e-type=\"container\">\n\t\t\t\t\t<div class=\"e-con-inner\">\n\t\t\t\t<div class=\"elementor-element elementor-element-65f028d2 elementor-widget elementor-widget-image\" data-id=\"65f028d2\" data-element_type=\"widget\" data-e-type=\"widget\" data-widget_type=\"image.default\">\n\t\t\t\t\t\t\t\t\t\t\t\t\t\t\t<img decoding=\"async\" width=\"1200\" height=\"800\" data-src=\"https:\/\/bigbangoceanclub.com\/wp-content\/uploads\/2026\/04\/257A1794.jpg\" class=\"attachment-full size-full wp-image-3217 lazyload\" alt=\"grupo de amigos en mesa VIP en discoteca en Almu\u00f1\u00e9car Granada Big Bang Ocean Club disfrutando de la fiesta\" data-srcset=\"https:\/\/bigbangoceanclub.com\/wp-content\/uploads\/2026\/04\/257A1794.jpg 1200w, https:\/\/bigbangoceanclub.com\/wp-content\/uploads\/2026\/04\/257A1794-300x200.jpg 300w, https:\/\/bigbangoceanclub.com\/wp-content\/uploads\/2026\/04\/257A1794-1024x683.jpg 1024w, https:\/\/bigbangoceanclub.com\/wp-content\/uploads\/2026\/04\/257A1794-768x512.jpg 768w, https:\/\/bigbangoceanclub.com\/wp-content\/uploads\/2026\/04\/257A1794-18x12.jpg 18w\" data-sizes=\"(max-width: 1200px) 100vw, 1200px\" src=\"data:image\/svg+xml;base64,PHN2ZyB3aWR0aD0iMSIgaGVpZ2h0PSIxIiB4bWxucz0iaHR0cDovL3d3dy53My5vcmcvMjAwMC9zdmciPjwvc3ZnPg==\" style=\"--smush-placeholder-width: 1200px; --smush-placeholder-aspect-ratio: 1200\/800;\" \/>\t\t\t\t\t\t\t\t\t\t\t\t\t\t\t<\/div>\n\t\t\t\t\t<\/div>\n\t\t\t\t<\/div>\n\t\t\t\t\t\t\t\t<\/div>\n\t\t\t\t\t\t\t\t\t\t\t<div class=\"swiper-slide\" data-slide=\"3\" role=\"group\" aria-roledescription=\"slide\" aria-label=\"3 of 3\">\n\t\t\t\t\t\t\t<div class=\"elementor-element elementor-element-4673d97b e-flex e-con-boxed e-con e-child\" data-id=\"4673d97b\" data-element_type=\"container\" data-e-type=\"container\">\n\t\t\t\t\t<div class=\"e-con-inner\">\n\t\t\t\t<div class=\"elementor-element elementor-element-16f26a29 elementor-widget elementor-widget-image\" data-id=\"16f26a29\" data-element_type=\"widget\" data-e-type=\"widget\" data-widget_type=\"image.default\">\n\t\t\t\t\t\t\t\t\t\t\t\t\t\t\t<img decoding=\"async\" width=\"1200\" height=\"800\" data-src=\"https:\/\/bigbangoceanclub.com\/wp-content\/uploads\/2026\/04\/257A1526.jpg\" class=\"attachment-full size-full wp-image-3214 lazyload\" alt=\"grupo de amigos con bebidas en discoteca en Almu\u00f1\u00e9car Granada Big Bang Ocean Club disfrutando de la fiesta\" data-srcset=\"https:\/\/bigbangoceanclub.com\/wp-content\/uploads\/2026\/04\/257A1526.jpg 1200w, https:\/\/bigbangoceanclub.com\/wp-content\/uploads\/2026\/04\/257A1526-300x200.jpg 300w, https:\/\/bigbangoceanclub.com\/wp-content\/uploads\/2026\/04\/257A1526-1024x683.jpg 1024w, https:\/\/bigbangoceanclub.com\/wp-content\/uploads\/2026\/04\/257A1526-768x512.jpg 768w, https:\/\/bigbangoceanclub.com\/wp-content\/uploads\/2026\/04\/257A1526-18x12.jpg 18w\" data-sizes=\"(max-width: 1200px) 100vw, 1200px\" src=\"data:image\/svg+xml;base64,PHN2ZyB3aWR0aD0iMSIgaGVpZ2h0PSIxIiB4bWxucz0iaHR0cDovL3d3dy53My5vcmcvMjAwMC9zdmciPjwvc3ZnPg==\" style=\"--smush-placeholder-width: 1200px; --smush-placeholder-aspect-ratio: 1200\/800;\" \/>\t\t\t\t\t\t\t\t\t\t\t\t\t\t\t<\/div>\n\t\t\t\t\t<\/div>\n\t\t\t\t<\/div>\n\t\t\t\t\t\t\t\t<\/div>\n\t\t\t\t\t\t\t\t<\/div>\n\t\t<\/div>\n\t\t\t\t\t<div class=\"swiper-pagination\"><\/div>\n\t\t\t\t\t\t<\/div>\n\t\t\t\t\t<\/div>\n\t\t\t\t<\/div>\n\t\t<div class=\"elementor-element elementor-element-66abe149 e-flex e-con-boxed e-con e-parent\" data-id=\"66abe149\" data-element_type=\"container\" data-e-type=\"container\" data-settings=\"{&quot;background_background&quot;:&quot;gradient&quot;}\">\n\t\t\t\t\t<div class=\"e-con-inner\">\n\t\t\t\t<div class=\"elementor-element elementor-element-261a52b0 elementor-widget elementor-widget-spacer\" data-id=\"261a52b0\" data-element_type=\"widget\" data-e-type=\"widget\" data-widget_type=\"spacer.default\">\n\t\t\t\t\t\t\t<div class=\"elementor-spacer\">\n\t\t\t<div class=\"elementor-spacer-inner\"><\/div>\n\t\t<\/div>\n\t\t\t\t\t\t<\/div>\n\t\t<div class=\"elementor-element elementor-element-251ff48e e-con-full e-flex e-con e-child\" data-id=\"251ff48e\" data-element_type=\"container\" data-e-type=\"container\" data-settings=\"{&quot;background_background&quot;:&quot;classic&quot;}\">\n\t\t\t\t<div class=\"elementor-element elementor-element-196ead28 animated-slow elementor-invisible elementor-widget elementor-widget-heading\" data-id=\"196ead28\" data-element_type=\"widget\" data-e-type=\"widget\" data-settings=\"{&quot;_animation&quot;:&quot;fadeIn&quot;}\" data-widget_type=\"heading.default\">\n\t\t\t\t\t<h2 class=\"elementor-heading-title elementor-size-default\">POR QU\u00c9 BIG BANG PARA DESPEDIDAS DE SOLTERO\/A\n<\/h2>\t\t\t\t<\/div>\n\t\t\t\t<div class=\"elementor-element elementor-element-bef208f elementor-widget elementor-widget-text-editor\" data-id=\"bef208f\" data-element_type=\"widget\" data-e-type=\"widget\" data-widget_type=\"text-editor.default\">\n\t\t\t\t\t\t\t\t\t<p data-start=\"1281\" data-end=\"1521\">Big Bang Ocean Club ofrece un entorno mucho m\u00e1s especial que una noche normal de bar o restaurante. Con vistas al mar, m\u00fasica, c\u00f3cteles y opciones VIP para grupos, es el lugar ideal para celebrar una despedida de soltero en Almu\u00f1\u00e9car, en la Costa Tropical de Granada.<\/p>\t\t\t\t\t\t\t\t<\/div>\n\t\t\t\t<div class=\"elementor-element elementor-element-7bb08667 elementor-widget elementor-widget-spacer\" data-id=\"7bb08667\" data-element_type=\"widget\" data-e-type=\"widget\" data-widget_type=\"spacer.default\">\n\t\t\t\t\t\t\t<div class=\"elementor-spacer\">\n\t\t\t<div class=\"elementor-spacer-inner\"><\/div>\n\t\t<\/div>\n\t\t\t\t\t\t<\/div>\n\t\t\t\t<\/div>\n\t\t\t\t\t<\/div>\n\t\t\t\t<\/div>\n\t\t<div class=\"elementor-element elementor-element-70606730 e-flex e-con-boxed e-con e-parent\" data-id=\"70606730\" data-element_type=\"container\" data-e-type=\"container\">\n\t\t\t\t\t<div class=\"e-con-inner\">\n\t\t\t\t<div class=\"elementor-element elementor-element-7f7ed50f elementor-widget elementor-widget-heading\" data-id=\"7f7ed50f\" data-element_type=\"widget\" data-e-type=\"widget\" data-widget_type=\"heading.default\">\n\t\t\t\t\t<h2 class=\"elementor-heading-title elementor-size-default\">ORGANIZA TU DESPEDIDA CON NOSOTROS<\/h2>\t\t\t\t<\/div>\n\t\t\t\t<div class=\"elementor-element elementor-element-5459a366 animated-slow elementor-invisible elementor-widget elementor-widget-heading\" data-id=\"5459a366\" data-element_type=\"widget\" data-e-type=\"widget\" data-settings=\"{&quot;_animation&quot;:&quot;fadeInUp&quot;,&quot;_animation_delay&quot;:200}\" data-widget_type=\"heading.default\">\n\t\t\t\t\t<h2 class=\"elementor-heading-title elementor-size-default\">Ponte en contacto con Big Bang Ocean Club, en Almu\u00f1\u00e9car, para organizar tu despedida. Tanto si buscas mesas VIP, copas junto al mar o un ambiente de fiesta completo para tu grupo, te ayudaremos a crear una celebraci\u00f3n inolvidable en la Costa Tropical de Granada.<\/h2>\t\t\t\t<\/div>\n\t\t\t\t<div class=\"elementor-element elementor-element-35bb8f07 elementor-align-center elementor-mobile-align-left animated-slow elementor-invisible elementor-widget elementor-widget-button\" data-id=\"35bb8f07\" data-element_type=\"widget\" data-e-type=\"widget\" data-settings=\"{&quot;_animation&quot;:&quot;zoomIn&quot;,&quot;_animation_delay&quot;:600}\" data-widget_type=\"button.default\">\n\t\t\t\t\t\t\t\t\t\t<a class=\"elementor-button elementor-button-link elementor-size-sm\" href=\"https:\/\/wa.me\/34699774237?text=Hola%20Big%20Bang%20Ocean%20Club!\" target=\"_blank\" rel=\"noopener\">\n\t\t\t\t\t\t<span class=\"elementor-button-content-wrapper\">\n\t\t\t\t\t\t\t\t\t<span class=\"elementor-button-text\">RESERVAR POR WHATSAPP<\/span>\n\t\t\t\t\t<\/span>\n\t\t\t\t\t<\/a>\n\t\t\t\t\t\t\t\t<\/div>\n\t\t\t\t\t<\/div>\n\t\t\t\t<\/div>\n\t\t\t\t<\/div>\n\t\t","protected":false},"excerpt":{"rendered":"<p>DESPEDIDAS DE SOLTERO EN GRANADA, ALMU\u00d1\u00c9CAR MESAS VIP \u00b7 RESERVAS PARA GRUPOS \u00b7 FIESTAS FRENTE AL MAR \u00b7 VIDA NOCTURNA \u00bfEst\u00e1s organizando una despedida de soltero cerca de Granada? Big Bang Ocean Club, en Almu\u00f1\u00e9car, es el lugar perfecto para grupos que buscan mesas VIP, m\u00fasica, copas y un ambiente animado frente al mar en [&hellip;]<\/p>\n","protected":false},"author":1,"featured_media":0,"parent":0,"menu_order":0,"comment_status":"closed","ping_status":"closed","template":"elementor_header_footer","meta":{"footnotes":""},"class_list":["post-3652","page","type-page","status-publish","hentry"],"_links":{"self":[{"href":"https:\/\/bigbangoceanclub.com\/en\/wp-json\/wp\/v2\/pages\/3652","targetHints":{"allow":["GET"]}}],"collection":[{"href":"https:\/\/bigbangoceanclub.com\/en\/wp-json\/wp\/v2\/pages"}],"about":[{"href":"https:\/\/bigbangoceanclub.com\/en\/wp-json\/wp\/v2\/types\/page"}],"author":[{"embeddable":true,"href":"https:\/\/bigbangoceanclub.com\/en\/wp-json\/wp\/v2\/users\/1"}],"replies":[{"embeddable":true,"href":"https:\/\/bigbangoceanclub.com\/en\/wp-json\/wp\/v2\/comments?post=3652"}],"version-history":[{"count":5,"href":"https:\/\/bigbangoceanclub.com\/en\/wp-json\/wp\/v2\/pages\/3652\/revisions"}],"predecessor-version":[{"id":4402,"href":"https:\/\/bigbangoceanclub.com\/en\/wp-json\/wp\/v2\/pages\/3652\/revisions\/4402"}],"wp:attachment":[{"href":"https:\/\/bigbangoceanclub.com\/en\/wp-json\/wp\/v2\/media?parent=3652"}],"curies":[{"name":"wp","href":"https:\/\/api.w.org\/{rel}","templated":true}]}}