{"id":2784,"date":"2026-04-11T14:03:36","date_gmt":"2026-04-11T14:03:36","guid":{"rendered":"https:\/\/bigbangocean.bloomspain.com\/?page_id=2784"},"modified":"2026-04-24T11:30:13","modified_gmt":"2026-04-24T11:30:13","slug":"politica-de-cookies","status":"publish","type":"page","link":"https:\/\/bigbangoceanclub.com\/en\/politica-de-cookies\/","title":{"rendered":"Cookie Policy"},"content":{"rendered":"<div data-elementor-type=\"wp-page\" data-elementor-id=\"2784\" class=\"elementor elementor-2784\" data-elementor-post-type=\"page\">\n\t\t\t\t<div class=\"elementor-element elementor-element-47bac8a6 e-flex e-con-boxed e-con e-parent\" data-id=\"47bac8a6\" data-element_type=\"container\" data-e-type=\"container\">\n\t\t\t\t\t<div class=\"e-con-inner\">\n\t\t\t\t<div class=\"elementor-element elementor-element-2a58ed19 elementor-widget elementor-widget-spacer\" data-id=\"2a58ed19\" data-element_type=\"widget\" data-e-type=\"widget\" data-widget_type=\"spacer.default\">\n\t\t\t\t\t\t\t<div class=\"elementor-spacer\">\n\t\t\t<div class=\"elementor-spacer-inner\"><\/div>\n\t\t<\/div>\n\t\t\t\t\t\t<\/div>\n\t\t\t\t<div class=\"elementor-element elementor-element-152f24f8 elementor-widget elementor-widget-heading\" data-id=\"152f24f8\" data-element_type=\"widget\" data-e-type=\"widget\" data-widget_type=\"heading.default\">\n\t\t\t\t\t<h1 class=\"elementor-heading-title elementor-size-default\">Cookie Policy<\/h1>\t\t\t\t<\/div>\n\t\t\t\t<div class=\"elementor-element elementor-element-2de86149 elementor-widget elementor-widget-spacer\" data-id=\"2de86149\" data-element_type=\"widget\" data-e-type=\"widget\" data-widget_type=\"spacer.default\">\n\t\t\t\t\t\t\t<div class=\"elementor-spacer\">\n\t\t\t<div class=\"elementor-spacer-inner\"><\/div>\n\t\t<\/div>\n\t\t\t\t\t\t<\/div>\n\t\t\t\t<div class=\"elementor-element elementor-element-4395c0bd elementor-widget elementor-widget-text-editor\" data-id=\"4395c0bd\" data-element_type=\"widget\" data-e-type=\"widget\" data-widget_type=\"text-editor.default\">\n\t\t\t\t\t\t\t\t\t<p>Cookie Policy<\/p><p>On this website, we use cookies and similar technologies to ensure the proper functioning of the site, improve user experience and, where applicable, analyse the use of the website.<\/p><p>What are cookies?<\/p><p>Cookies are small text files that are stored on the user\u2019s device when visiting a website. Their function may include, among others, remembering preferences, collecting statistical information or enabling certain technical functionalities.<\/p><p>Types of cookies used on this website<\/p><p>Technical or necessary cookies <br \/>These are essential for the basic functioning of the website and to allow navigation and the use of its different features and services.<\/p><p>Preference cookies <br \/>They allow the website to remember certain user preferences, such as language, browser type or regional settings.<\/p><p>Analytics cookies <br \/>These collect information about how users interact with the website in order to analyse its performance and improve the services offered.<\/p><p>Third-party cookies <br \/>This website may use third-party services that, on their own behalf, collect information for statistical purposes, website usage or to provide services related to the activity of the site. These services may include, for example, Google Maps, Google Reviews, WhatsApp or social media platforms.<\/p><p>Use of third-party cookies<\/p><p>The acceptance, blocking or deletion of third-party cookies depends on the policies and settings of those external providers. We recommend consulting their respective privacy and cookie policies for more information.<\/p><p>Cookie management<\/p><p>Users can allow, block or delete cookies installed on their device through their browser settings. Please note that disabling some cookies may affect the proper functioning of the website.<\/p><p>You can find more information on how to manage cookies in the most common browsers:<br \/>&#8211; Google Chrome<br \/>&#8211; Mozilla Firefox<br \/>&#8211; Safari<br \/>&#8211; Microsoft Edge<\/p><p>Changes to the Cookie Policy<\/p><p>Big Bang Night S.L. reserves the right to modify this Cookie Policy to adapt it to legal, technical or operational changes. Any updates will be published on this page.<\/p><p>Contact<\/p><p>If you have any questions about this Cookie Policy, you can contact us at:<\/p><p>Big Bang Night S.L.<br \/>Paseo del Altillo 7, 18690 Almu\u00f1\u00e9car, Granada, Espa\u00f1a<br \/>bigbangdisco11@gmail.com<br \/>+34 699 774 237<\/p>\t\t\t\t\t\t\t\t<\/div>\n\t\t\t\t<div class=\"elementor-element elementor-element-68c70bd4 elementor-align-left elementor-invisible elementor-widget elementor-widget-button\" data-id=\"68c70bd4\" data-element_type=\"widget\" data-e-type=\"widget\" data-settings=\"{&quot;_animation&quot;:&quot;zoomIn&quot;}\" data-widget_type=\"button.default\">\n\t\t\t\t\t\t\t\t\t\t<a class=\"elementor-button elementor-button-link elementor-size-sm\" href=\"https:\/\/wa.me\/34699774237?text=Hola%20Big%20Bang%20Ocean%20Club!\" target=\"_blank\" rel=\"noopener\">\n\t\t\t\t\t\t<span class=\"elementor-button-content-wrapper\">\n\t\t\t\t\t\t\t\t\t<span class=\"elementor-button-text\">Contact<\/span>\n\t\t\t\t\t<\/span>\n\t\t\t\t\t<\/a>\n\t\t\t\t\t\t\t\t<\/div>\n\t\t\t\t<div class=\"elementor-element elementor-element-1d6d44ca elementor-widget elementor-widget-image\" data-id=\"1d6d44ca\" data-element_type=\"widget\" data-e-type=\"widget\" data-widget_type=\"image.default\">\n\t\t\t\t\t\t\t\t\t\t\t\t\t\t\t<img fetchpriority=\"high\" decoding=\"async\" width=\"400\" height=\"219\" src=\"https:\/\/bigbangoceanclub.com\/wp-content\/uploads\/2026\/03\/LOGO-BIG-BANG-COLOR-blanco.png\" class=\"attachment-full size-full wp-image-127\" alt=\"LOGO-BIG-BANG-COLOR-blanco\" srcset=\"https:\/\/bigbangoceanclub.com\/wp-content\/uploads\/2026\/03\/LOGO-BIG-BANG-COLOR-blanco.png 400w, https:\/\/bigbangoceanclub.com\/wp-content\/uploads\/2026\/03\/LOGO-BIG-BANG-COLOR-blanco-300x164.png 300w\" sizes=\"(max-width: 400px) 100vw, 400px\" \/>\t\t\t\t\t\t\t\t\t\t\t\t\t\t\t<\/div>\n\t\t\t\t<div class=\"elementor-element elementor-element-483bbb10 elementor-widget elementor-widget-spacer\" data-id=\"483bbb10\" data-element_type=\"widget\" data-e-type=\"widget\" data-widget_type=\"spacer.default\">\n\t\t\t\t\t\t\t<div class=\"elementor-spacer\">\n\t\t\t<div class=\"elementor-spacer-inner\"><\/div>\n\t\t<\/div>\n\t\t\t\t\t\t<\/div>\n\t\t\t\t\t<\/div>\n\t\t\t\t<\/div>\n\t\t\t\t<\/div>","protected":false},"excerpt":{"rendered":"<p>Pol\u00edtica de Cookies Pol\u00edtica de Cookies En este sitio web utilizamos cookies y tecnolog\u00edas similares para garantizar el correcto funcionamiento de la p\u00e1gina, mejorar la experiencia del usuario y, en su caso, analizar el uso del sitio web. \u00bfQu\u00e9 son las cookies? Las cookies son peque\u00f1os archivos de texto que se almacenan en el dispositivo [&hellip;]<\/p>\n","protected":false},"author":1,"featured_media":0,"parent":0,"menu_order":0,"comment_status":"closed","ping_status":"closed","template":"","meta":{"footnotes":""},"class_list":["post-2784","page","type-page","status-publish","hentry"],"_links":{"self":[{"href":"https:\/\/bigbangoceanclub.com\/en\/wp-json\/wp\/v2\/pages\/2784","targetHints":{"allow":["GET"]}}],"collection":[{"href":"https:\/\/bigbangoceanclub.com\/en\/wp-json\/wp\/v2\/pages"}],"about":[{"href":"https:\/\/bigbangoceanclub.com\/en\/wp-json\/wp\/v2\/types\/page"}],"author":[{"embeddable":true,"href":"https:\/\/bigbangoceanclub.com\/en\/wp-json\/wp\/v2\/users\/1"}],"replies":[{"embeddable":true,"href":"https:\/\/bigbangoceanclub.com\/en\/wp-json\/wp\/v2\/comments?post=2784"}],"version-history":[{"count":5,"href":"https:\/\/bigbangoceanclub.com\/en\/wp-json\/wp\/v2\/pages\/2784\/revisions"}],"predecessor-version":[{"id":4277,"href":"https:\/\/bigbangoceanclub.com\/en\/wp-json\/wp\/v2\/pages\/2784\/revisions\/4277"}],"wp:attachment":[{"href":"https:\/\/bigbangoceanclub.com\/en\/wp-json\/wp\/v2\/media?parent=2784"}],"curies":[{"name":"wp","href":"https:\/\/api.w.org\/{rel}","templated":true}]}}