{"id":2760,"date":"2026-04-11T13:52:49","date_gmt":"2026-04-11T13:52:49","guid":{"rendered":"https:\/\/bigbangocean.bloomspain.com\/?page_id=2760"},"modified":"2026-04-23T12:58:18","modified_gmt":"2026-04-23T12:58:18","slug":"aviso-legal","status":"publish","type":"page","link":"https:\/\/bigbangoceanclub.com\/en\/aviso-legal\/","title":{"rendered":"Legal Notice"},"content":{"rendered":"<div data-elementor-type=\"wp-page\" data-elementor-id=\"2760\" class=\"elementor elementor-2760\" data-elementor-post-type=\"page\">\n\t\t\t\t<div class=\"elementor-element elementor-element-eb1fda6 e-flex e-con-boxed e-con e-parent\" data-id=\"eb1fda6\" data-element_type=\"container\" data-e-type=\"container\">\n\t\t\t\t\t<div class=\"e-con-inner\">\n\t\t\t\t<div class=\"elementor-element elementor-element-bd8370c elementor-widget elementor-widget-spacer\" data-id=\"bd8370c\" data-element_type=\"widget\" data-e-type=\"widget\" data-widget_type=\"spacer.default\">\n\t\t\t\t\t\t\t<div class=\"elementor-spacer\">\n\t\t\t<div class=\"elementor-spacer-inner\"><\/div>\n\t\t<\/div>\n\t\t\t\t\t\t<\/div>\n\t\t\t\t<div class=\"elementor-element elementor-element-f58e6fe elementor-widget elementor-widget-heading\" data-id=\"f58e6fe\" data-element_type=\"widget\" data-e-type=\"widget\" data-widget_type=\"heading.default\">\n\t\t\t\t\t<h1 class=\"elementor-heading-title elementor-size-default\">Legal Notice<\/h1>\t\t\t\t<\/div>\n\t\t\t\t<div class=\"elementor-element elementor-element-3f166fc elementor-widget elementor-widget-spacer\" data-id=\"3f166fc\" data-element_type=\"widget\" data-e-type=\"widget\" data-widget_type=\"spacer.default\">\n\t\t\t\t\t\t\t<div class=\"elementor-spacer\">\n\t\t\t<div class=\"elementor-spacer-inner\"><\/div>\n\t\t<\/div>\n\t\t\t\t\t\t<\/div>\n\t\t\t\t<div class=\"elementor-element elementor-element-88a312e elementor-widget elementor-widget-text-editor\" data-id=\"88a312e\" data-element_type=\"widget\" data-e-type=\"widget\" data-widget_type=\"text-editor.default\">\n\t\t\t\t\t\t\t\t\t<p>In accordance with applicable regulations, the ownership of this website is hereby stated:<\/p><p class=\"translation-block\">Company name: Big Bang Night S.L.<br>\nCIF: B19615228<br>\nRegistered address: Paseo del Altillo 7, 18690 Almu\u00f1\u00e9car, Granada, Spain<br>\nEmail: BIGBANGDISCO11@GMAIL.COM\n<br>\nPhone: +34 699 774 237<\/p><p>Purpose of the Website<\/p><p>This website aims to provide general information about Big Bang, its location, atmosphere, facilities, events, and related services.<\/p><p>Use of the Website<\/p><p>Access to and use of this website implies acceptance of these terms of use.<\/p><p>The user agrees to use the website appropriately and not to use it for unlawful purposes, activities contrary to good faith, or actions that may harm the rights and interests of Big Bang Night S.L. or third parties.<\/p><p>Intellectual Property<\/p><p>All content on this website, including but not limited to texts, images, logos, graphics, videos, design elements and other materials, is the property of Big Bang Night S.L. or is used with proper authorisation, and is protected by applicable intellectual and industrial property laws.<\/p><p>The reproduction, distribution, transformation, public communication, or any other use of the content without prior written authorisation from the owner is strictly prohibited, except where legally permitted.<\/p><p>Liability<\/p><p>Big Bang Night S.L. does not guarantee that the website will always be available, free of errors or interruptions, although reasonable efforts will be made to ensure its proper functioning.<\/p><p>Big Bang Night S.L. is not responsible for any damages or losses arising from the use of the information contained on this website, nor for the content or operation of any links or third-party services that may be included.<\/p><p>Links and Third-Party Services<\/p><p>This website may include links or integrations with third-party services such as WhatsApp, Google Maps, Google Reviews, or social media platforms. Big Bang Night S.L. is not responsible for the content, policies, or practices of those third parties.<\/p><p>Applicable Law and Jurisdiction<\/p><p>The relationship between the website owner and the user shall be governed by Spanish law. Any dispute arising in relation to the use of this website shall be subject to the competent courts and tribunals in accordance with applicable regulations.<\/p>\t\t\t\t\t\t\t\t<\/div>\n\t\t\t\t<div class=\"elementor-element elementor-element-2baa4a6 elementor-align-left elementor-invisible elementor-widget elementor-widget-button\" data-id=\"2baa4a6\" data-element_type=\"widget\" data-e-type=\"widget\" data-settings=\"{&quot;_animation&quot;:&quot;zoomIn&quot;}\" data-widget_type=\"button.default\">\n\t\t\t\t\t\t\t\t\t\t<a class=\"elementor-button elementor-button-link elementor-size-sm\" href=\"#\">\n\t\t\t\t\t\t<span class=\"elementor-button-content-wrapper\">\n\t\t\t\t\t\t\t\t\t<span class=\"elementor-button-text\">Contact<\/span>\n\t\t\t\t\t<\/span>\n\t\t\t\t\t<\/a>\n\t\t\t\t\t\t\t\t<\/div>\n\t\t\t\t<div class=\"elementor-element elementor-element-0143905 elementor-widget elementor-widget-image\" data-id=\"0143905\" data-element_type=\"widget\" data-e-type=\"widget\" data-widget_type=\"image.default\">\n\t\t\t\t\t\t\t\t\t\t\t\t\t\t\t<img fetchpriority=\"high\" decoding=\"async\" width=\"400\" height=\"219\" src=\"https:\/\/bigbangoceanclub.com\/wp-content\/uploads\/2026\/03\/LOGO-BIG-BANG-COLOR-blanco.png\" class=\"attachment-full size-full wp-image-127\" alt=\"LOGO-BIG-BANG-COLOR-blanco\" srcset=\"https:\/\/bigbangoceanclub.com\/wp-content\/uploads\/2026\/03\/LOGO-BIG-BANG-COLOR-blanco.png 400w, https:\/\/bigbangoceanclub.com\/wp-content\/uploads\/2026\/03\/LOGO-BIG-BANG-COLOR-blanco-300x164.png 300w\" sizes=\"(max-width: 400px) 100vw, 400px\" \/>\t\t\t\t\t\t\t\t\t\t\t\t\t\t\t<\/div>\n\t\t\t\t<div class=\"elementor-element elementor-element-8cfee95 elementor-widget elementor-widget-spacer\" data-id=\"8cfee95\" data-element_type=\"widget\" data-e-type=\"widget\" data-widget_type=\"spacer.default\">\n\t\t\t\t\t\t\t<div class=\"elementor-spacer\">\n\t\t\t<div class=\"elementor-spacer-inner\"><\/div>\n\t\t<\/div>\n\t\t\t\t\t\t<\/div>\n\t\t\t\t\t<\/div>\n\t\t\t\t<\/div>\n\t\t\t\t<\/div>","protected":false},"excerpt":{"rendered":"<p>Aviso legal De conformidad con la normativa aplicable, se informa de la titularidad de este sitio web: Raz\u00f3n social: Big Bang Night S.L.CIF: B19615228Domicilio social: Paseo del Altillo 7, 18690 Almu\u00f1\u00e9car, Granada, Espa\u00f1aEmail: BIGBANGDISCO11@GMAIL.COMTel\u00e9fono: +34 699 774 237 Finalidad del sitio web Este sitio web tiene como finalidad ofrecer informaci\u00f3n general sobre Big Bang, su [&hellip;]<\/p>\n","protected":false},"author":1,"featured_media":0,"parent":0,"menu_order":0,"comment_status":"closed","ping_status":"closed","template":"","meta":{"footnotes":""},"class_list":["post-2760","page","type-page","status-publish","hentry"],"_links":{"self":[{"href":"https:\/\/bigbangoceanclub.com\/en\/wp-json\/wp\/v2\/pages\/2760","targetHints":{"allow":["GET"]}}],"collection":[{"href":"https:\/\/bigbangoceanclub.com\/en\/wp-json\/wp\/v2\/pages"}],"about":[{"href":"https:\/\/bigbangoceanclub.com\/en\/wp-json\/wp\/v2\/types\/page"}],"author":[{"embeddable":true,"href":"https:\/\/bigbangoceanclub.com\/en\/wp-json\/wp\/v2\/users\/1"}],"replies":[{"embeddable":true,"href":"https:\/\/bigbangoceanclub.com\/en\/wp-json\/wp\/v2\/comments?post=2760"}],"version-history":[{"count":5,"href":"https:\/\/bigbangoceanclub.com\/en\/wp-json\/wp\/v2\/pages\/2760\/revisions"}],"predecessor-version":[{"id":4259,"href":"https:\/\/bigbangoceanclub.com\/en\/wp-json\/wp\/v2\/pages\/2760\/revisions\/4259"}],"wp:attachment":[{"href":"https:\/\/bigbangoceanclub.com\/en\/wp-json\/wp\/v2\/media?parent=2760"}],"curies":[{"name":"wp","href":"https:\/\/api.w.org\/{rel}","templated":true}]}}